{"id":11412,"date":"2016-12-05T16:27:47","date_gmt":"2016-12-05T16:27:47","guid":{"rendered":"https:\/\/nex.vamtam.com\/?page_id=11412"},"modified":"2025-06-03T23:52:46","modified_gmt":"2025-06-03T23:52:46","slug":"contact","status":"publish","type":"page","link":"https:\/\/dafomex.com\/?page_id=11412","title":{"rendered":"Contacts"},"content":{"rendered":"<div class=\"vgblk-rw-wrapper limit-wrapper\">\n\n\t<h2>Con\u00e9ctate<br \/>\n<strong>con nosotros<\/strong><\/h2>\n<h4>\n\t5523438429\n\t<\/h4>\n\t<p>Ll\u00e1manos o env\u00eda WhatsApp<\/p>\n<h4>\n\tventas@dafomex.com\n\t<\/h4>\n\t<p>Departamento de ventas<\/p>\n<h4>\n\tingenieria@dafomex.com\n\t<\/h4>\n\t<p>Asesor\u00eda t\u00e9cnica<\/p>\n\t\n<div class=\"wpcf7 no-js\" id=\"wpcf7-f987814-o1\" lang=\"en-US\" dir=\"ltr\" data-wpcf7-id=\"987814\">\n<div class=\"screen-reader-response\"><p role=\"status\" aria-live=\"polite\" aria-atomic=\"true\"><\/p> <ul><\/ul><\/div>\n<form action=\"\/index.php?rest_route=%2Fwp%2Fv2%2Fpages%2F11412#wpcf7-f987814-o1\" method=\"post\" class=\"wpcf7-form init\" aria-label=\"Contact form\" novalidate=\"novalidate\" data-status=\"init\">\n<fieldset class=\"hidden-fields-container\"><input type=\"hidden\" name=\"_wpcf7\" value=\"987814\" \/><input type=\"hidden\" name=\"_wpcf7_version\" value=\"6.1.5\" \/><input type=\"hidden\" name=\"_wpcf7_locale\" value=\"en_US\" \/><input type=\"hidden\" name=\"_wpcf7_unit_tag\" value=\"wpcf7-f987814-o1\" \/><input type=\"hidden\" name=\"_wpcf7_container_post\" value=\"0\" \/><input type=\"hidden\" name=\"_wpcf7_posted_data_hash\" value=\"\" \/>\n<\/fieldset>\n<p><label> Nombre:<br \/>\n<span class=\"wpcf7-form-control-wrap\" data-name=\"your-name\"><input size=\"40\" maxlength=\"400\" class=\"wpcf7-form-control wpcf7-text wpcf7-validates-as-required\" autocomplete=\"name\" aria-required=\"true\" aria-invalid=\"false\" value=\"\" type=\"text\" name=\"your-name\" \/><\/span> <\/label>\n<\/p>\n<p><label> Correo:<br \/>\n<span class=\"wpcf7-form-control-wrap\" data-name=\"your-email\"><input size=\"40\" maxlength=\"400\" class=\"wpcf7-form-control wpcf7-email wpcf7-validates-as-required wpcf7-text wpcf7-validates-as-email\" autocomplete=\"email\" aria-required=\"true\" aria-invalid=\"false\" value=\"\" type=\"email\" name=\"your-email\" \/><\/span> <\/label>\n<\/p>\n<p><label> Tel\u00e9fono:<br \/>\n<span class=\"wpcf7-form-control-wrap\" data-name=\"tel-756\"><input size=\"40\" maxlength=\"400\" class=\"wpcf7-form-control wpcf7-tel wpcf7-validates-as-required wpcf7-text wpcf7-validates-as-tel\" aria-required=\"true\" aria-invalid=\"false\" value=\"\" type=\"tel\" name=\"tel-756\" \/><\/span> <\/label>\n<\/p>\n<p><label> Asunto:<br \/>\n<span class=\"wpcf7-form-control-wrap\" data-name=\"your-subject\"><input size=\"40\" maxlength=\"400\" class=\"wpcf7-form-control wpcf7-text wpcf7-validates-as-required\" aria-required=\"true\" aria-invalid=\"false\" value=\"\" type=\"text\" name=\"your-subject\" \/><\/span> <\/label>\n<\/p>\n<p><label> Mensaje:<br \/>\n<span class=\"wpcf7-form-control-wrap\" data-name=\"your-message\"><textarea cols=\"40\" rows=\"10\" maxlength=\"2000\" class=\"wpcf7-form-control wpcf7-textarea\" aria-invalid=\"false\" name=\"your-message\"><\/textarea><\/span> <\/label>\n<\/p>\n<p><input class=\"wpcf7-form-control wpcf7-submit has-spinner\" type=\"submit\" value=\"Submit\" \/>\n<\/p><div class=\"wpcf7-response-output\" aria-hidden=\"true\"><\/div>\n<\/form>\n<\/div>\n\n\n<\/div><!-- .vgblk-rw-wrapper -->","protected":false},"excerpt":{"rendered":"<p>Con\u00e9ctate con nosotros 5523438429 Ll\u00e1manos o env\u00eda WhatsApp ventas@dafomex.com Departamento de ventas ingenieria@dafomex.com Asesor\u00eda t\u00e9cnica<\/p>\n","protected":false},"author":1,"featured_media":0,"parent":0,"menu_order":0,"comment_status":"closed","ping_status":"closed","template":"","meta":{"inline_featured_image":false,"_monsterinsights_skip_tracking":false,"_monsterinsights_sitenote_active":false,"_monsterinsights_sitenote_note":"","_monsterinsights_sitenote_category":0,"footnotes":""},"class_list":["post-11412","page","type-page","status-publish","hentry"],"yoast_head":"<!-- This site is optimized with the Yoast SEO plugin v27.1.1 - https:\/\/yoast.com\/product\/yoast-seo-wordpress\/ -->\n<title>Contacts - Dafomex<\/title>\n<meta name=\"robots\" content=\"index, follow, max-snippet:-1, max-image-preview:large, max-video-preview:-1\" \/>\n<link rel=\"canonical\" href=\"https:\/\/dafomex.com\/?page_id=11412\" \/>\n<meta property=\"og:locale\" content=\"en_US\" \/>\n<meta property=\"og:type\" content=\"article\" \/>\n<meta property=\"og:title\" content=\"Contacts - Dafomex\" \/>\n<meta property=\"og:description\" content=\"Con\u00e9ctate con nosotros 5523438429 Ll\u00e1manos o env\u00eda WhatsApp ventas@dafomex.com Departamento de ventas ingenieria@dafomex.com Asesor\u00eda t\u00e9cnica\" \/>\n<meta property=\"og:url\" content=\"https:\/\/dafomex.com\/?page_id=11412\" \/>\n<meta property=\"og:site_name\" content=\"Dafomex\" \/>\n<meta property=\"article:modified_time\" content=\"2025-06-03T23:52:46+00:00\" \/>\n<meta name=\"twitter:card\" content=\"summary_large_image\" \/>\n<meta name=\"twitter:label1\" content=\"Est. reading time\" \/>\n\t<meta name=\"twitter:data1\" content=\"1 minute\" \/>\n<script type=\"application\/ld+json\" class=\"yoast-schema-graph\">{\"@context\":\"https:\/\/schema.org\",\"@graph\":[{\"@type\":\"WebPage\",\"@id\":\"https:\/\/dafomex.com\/?page_id=11412\",\"url\":\"https:\/\/dafomex.com\/?page_id=11412\",\"name\":\"Contacts - Dafomex\",\"isPartOf\":{\"@id\":\"https:\/\/dafomex.com\/#website\"},\"datePublished\":\"2016-12-05T16:27:47+00:00\",\"dateModified\":\"2025-06-03T23:52:46+00:00\",\"breadcrumb\":{\"@id\":\"https:\/\/dafomex.com\/?page_id=11412#breadcrumb\"},\"inLanguage\":\"en-US\",\"potentialAction\":[{\"@type\":\"ReadAction\",\"target\":[\"https:\/\/dafomex.com\/?page_id=11412\"]}]},{\"@type\":\"BreadcrumbList\",\"@id\":\"https:\/\/dafomex.com\/?page_id=11412#breadcrumb\",\"itemListElement\":[{\"@type\":\"ListItem\",\"position\":1,\"name\":\"Home\",\"item\":\"https:\/\/dafomex.com\/\"},{\"@type\":\"ListItem\",\"position\":2,\"name\":\"Contacts\"}]},{\"@type\":\"WebSite\",\"@id\":\"https:\/\/dafomex.com\/#website\",\"url\":\"https:\/\/dafomex.com\/\",\"name\":\"Dafomex\",\"description\":\"\",\"publisher\":{\"@id\":\"https:\/\/dafomex.com\/#organization\"},\"potentialAction\":[{\"@type\":\"SearchAction\",\"target\":{\"@type\":\"EntryPoint\",\"urlTemplate\":\"https:\/\/dafomex.com\/?s={search_term_string}\"},\"query-input\":{\"@type\":\"PropertyValueSpecification\",\"valueRequired\":true,\"valueName\":\"search_term_string\"}}],\"inLanguage\":\"en-US\"},{\"@type\":\"Organization\",\"@id\":\"https:\/\/dafomex.com\/#organization\",\"name\":\"Dafomex\",\"url\":\"https:\/\/dafomex.com\/\",\"logo\":{\"@type\":\"ImageObject\",\"inLanguage\":\"en-US\",\"@id\":\"https:\/\/dafomex.com\/#\/schema\/logo\/image\/\",\"url\":\"https:\/\/dafomex.com\/wp-content\/uploads\/2023\/09\/dafomexlogo150max.jpg\",\"contentUrl\":\"https:\/\/dafomex.com\/wp-content\/uploads\/2023\/09\/dafomexlogo150max.jpg\",\"width\":150,\"height\":150,\"caption\":\"Dafomex\"},\"image\":{\"@id\":\"https:\/\/dafomex.com\/#\/schema\/logo\/image\/\"},\"sameAs\":[\"https:\/\/www.linkedin.com\/in\/grupo-dafomex-45a9b2263\/\"]}]}<\/script>\n<!-- \/ Yoast SEO plugin. -->","yoast_head_json":{"title":"Contacts - Dafomex","robots":{"index":"index","follow":"follow","max-snippet":"max-snippet:-1","max-image-preview":"max-image-preview:large","max-video-preview":"max-video-preview:-1"},"canonical":"https:\/\/dafomex.com\/?page_id=11412","og_locale":"en_US","og_type":"article","og_title":"Contacts - Dafomex","og_description":"Con\u00e9ctate con nosotros 5523438429 Ll\u00e1manos o env\u00eda WhatsApp ventas@dafomex.com Departamento de ventas ingenieria@dafomex.com Asesor\u00eda t\u00e9cnica","og_url":"https:\/\/dafomex.com\/?page_id=11412","og_site_name":"Dafomex","article_modified_time":"2025-06-03T23:52:46+00:00","twitter_card":"summary_large_image","twitter_misc":{"Est. reading time":"1 minute"},"schema":{"@context":"https:\/\/schema.org","@graph":[{"@type":"WebPage","@id":"https:\/\/dafomex.com\/?page_id=11412","url":"https:\/\/dafomex.com\/?page_id=11412","name":"Contacts - Dafomex","isPartOf":{"@id":"https:\/\/dafomex.com\/#website"},"datePublished":"2016-12-05T16:27:47+00:00","dateModified":"2025-06-03T23:52:46+00:00","breadcrumb":{"@id":"https:\/\/dafomex.com\/?page_id=11412#breadcrumb"},"inLanguage":"en-US","potentialAction":[{"@type":"ReadAction","target":["https:\/\/dafomex.com\/?page_id=11412"]}]},{"@type":"BreadcrumbList","@id":"https:\/\/dafomex.com\/?page_id=11412#breadcrumb","itemListElement":[{"@type":"ListItem","position":1,"name":"Home","item":"https:\/\/dafomex.com\/"},{"@type":"ListItem","position":2,"name":"Contacts"}]},{"@type":"WebSite","@id":"https:\/\/dafomex.com\/#website","url":"https:\/\/dafomex.com\/","name":"Dafomex","description":"","publisher":{"@id":"https:\/\/dafomex.com\/#organization"},"potentialAction":[{"@type":"SearchAction","target":{"@type":"EntryPoint","urlTemplate":"https:\/\/dafomex.com\/?s={search_term_string}"},"query-input":{"@type":"PropertyValueSpecification","valueRequired":true,"valueName":"search_term_string"}}],"inLanguage":"en-US"},{"@type":"Organization","@id":"https:\/\/dafomex.com\/#organization","name":"Dafomex","url":"https:\/\/dafomex.com\/","logo":{"@type":"ImageObject","inLanguage":"en-US","@id":"https:\/\/dafomex.com\/#\/schema\/logo\/image\/","url":"https:\/\/dafomex.com\/wp-content\/uploads\/2023\/09\/dafomexlogo150max.jpg","contentUrl":"https:\/\/dafomex.com\/wp-content\/uploads\/2023\/09\/dafomexlogo150max.jpg","width":150,"height":150,"caption":"Dafomex"},"image":{"@id":"https:\/\/dafomex.com\/#\/schema\/logo\/image\/"},"sameAs":["https:\/\/www.linkedin.com\/in\/grupo-dafomex-45a9b2263\/"]}]}},"_links":{"self":[{"href":"https:\/\/dafomex.com\/index.php?rest_route=\/wp\/v2\/pages\/11412","targetHints":{"allow":["GET"]}}],"collection":[{"href":"https:\/\/dafomex.com\/index.php?rest_route=\/wp\/v2\/pages"}],"about":[{"href":"https:\/\/dafomex.com\/index.php?rest_route=\/wp\/v2\/types\/page"}],"author":[{"embeddable":true,"href":"https:\/\/dafomex.com\/index.php?rest_route=\/wp\/v2\/users\/1"}],"replies":[{"embeddable":true,"href":"https:\/\/dafomex.com\/index.php?rest_route=%2Fwp%2Fv2%2Fcomments&post=11412"}],"version-history":[{"count":8,"href":"https:\/\/dafomex.com\/index.php?rest_route=\/wp\/v2\/pages\/11412\/revisions"}],"predecessor-version":[{"id":987951,"href":"https:\/\/dafomex.com\/index.php?rest_route=\/wp\/v2\/pages\/11412\/revisions\/987951"}],"wp:attachment":[{"href":"https:\/\/dafomex.com\/index.php?rest_route=%2Fwp%2Fv2%2Fmedia&parent=11412"}],"curies":[{"name":"wp","href":"https:\/\/api.w.org\/{rel}","templated":true}]}}