{"id":12350,"date":"2017-04-26T15:07:13","date_gmt":"2017-04-26T15:07:13","guid":{"rendered":"https:\/\/nex.vamtam.com\/?page_id=12350"},"modified":"2023-09-19T01:19:28","modified_gmt":"2023-09-19T01:19:28","slug":"automotive-manifacturing","status":"publish","type":"page","link":"https:\/\/dafomex.com\/?page_id=12350","title":{"rendered":"Planta Interna"},"content":{"rendered":"<div class=\"vgblk-rw-wrapper limit-wrapper\">\n<h2>\n\tMejora la conectividad <br><b>de tu infraestructura <\/b>\n\t<\/h2>\n<p>En el \u00e1mbito de las telecomunicaciones, la Planta Interna se refiere a la infraestructura de telecomunicaciones que se encuentra dentro de los edificios y recintos cerrados, y que conecta los dispositivos y equipos de comunicaci\u00f3n de los usuarios a la red de telecomunicaciones. La Planta Interna est\u00e1 dise\u00f1ada para soportar la transmisi\u00f3n de informaci\u00f3n a alta velocidad a trav\u00e9s de fibra \u00f3ptica, lo que permite la transferencia de datos, voz y video de manera r\u00e1pida y eficiente.<\/p>\n<p>En Grupo Dafomex, somos especialistas en la comercializaci\u00f3n de productos relacionados con la Planta Interna de fibra \u00f3ptica, incluyendo<strong> OLT GPON, EDFA, Distribuidor \u00d3ptico, Jumper de Fibra \u00d3ptica, Pigtail<\/strong>, y muchos m\u00e1s. Nuestros productos de alta calidad y certificados te ayudar\u00e1n a mejorar tu conectividad en entornos cerrados y aumentar la eficiencia de tu red de telecomunicaciones.<\/p>\n<p>\u00a1Cont\u00e1ctanos y descubre c\u00f3mo podemos ayudarte a mejorar tu infraestructura de Planta Interna con Grupo Dafomex!<\/p>\n<h2>\n\tProductos <br> <b>Planta Interna<\/b>\n\t<\/h2>\n\t\t\t\t\t\t\t<img decoding=\"async\" loading=\"lazy\" src=\"https:\/\/dafomex.com\/wp-content\/uploads\/2023\/03\/OLT-GPON.png\" alt=\"OLT-GPON\" itemprop=\"image\" height=\"800\" width=\"1500\" title=\"OLT-GPON\" onerror=\"this.style.display='none'\" sizes=\"(max-width: 768px) 100vw, 100vw\" srcset=\"data:image\/svg+xml;utf8,<svg%20xmlns=&quot;http:\/\/www.w3.org\/2000\/svg&quot;%20viewBox=&quot;0%200%201500%20800&quot;%20height=&quot;800px&quot;%20width=&quot;1500px&quot;\/>&#8221; data-srcset=&#8221;https:\/\/dafomex.com\/wp-content\/uploads\/2023\/03\/OLT-GPON.png 1500w, https:\/\/dafomex.com\/wp-content\/uploads\/2023\/03\/OLT-GPON-300&#215;160.png 300w, https:\/\/dafomex.com\/wp-content\/uploads\/2023\/03\/OLT-GPON-1024&#215;546.png 1024w, https:\/\/dafomex.com\/wp-content\/uploads\/2023\/03\/OLT-GPON-768&#215;410.png 768w, https:\/\/dafomex.com\/wp-content\/uploads\/2023\/03\/OLT-GPON-1400&#215;747.png 1400w, https:\/\/dafomex.com\/wp-content\/uploads\/2023\/03\/OLT-GPON-700&#215;373.png 700w, https:\/\/dafomex.com\/wp-content\/uploads\/2023\/03\/OLT-GPON-466&#215;249.png 466w, https:\/\/dafomex.com\/wp-content\/uploads\/2023\/03\/OLT-GPON-933&#215;498.png 933w, https:\/\/dafomex.com\/wp-content\/uploads\/2023\/03\/OLT-GPON-350&#215;187.png 350w&#8221;>\t\t\t\t\t\t\t\n<h4>\n\tOLG GPON\n\t<\/h4>\n\t<p>Administra y ofrece servicios FTTX como internet. televisi\u00f3n por cable y tel\u00e9fono con tecnolog\u00eda GPON.<\/p>\n\t\t\t\t\t\t\t<img decoding=\"async\" loading=\"lazy\" src=\"https:\/\/dafomex.com\/wp-content\/uploads\/2023\/03\/Edfa.png\" alt=\"Edfa\" itemprop=\"image\" height=\"800\" width=\"1500\" title=\"Edfa\" onerror=\"this.style.display='none'\" sizes=\"(max-width: 768px) 100vw, 100vw\" srcset=\"data:image\/svg+xml;utf8,<svg%20xmlns=&quot;http:\/\/www.w3.org\/2000\/svg&quot;%20viewBox=&quot;0%200%201500%20800&quot;%20height=&quot;800px&quot;%20width=&quot;1500px&quot;\/>&#8221; data-srcset=&#8221;https:\/\/dafomex.com\/wp-content\/uploads\/2023\/03\/Edfa.png 1500w, https:\/\/dafomex.com\/wp-content\/uploads\/2023\/03\/Edfa-300&#215;160.png 300w, https:\/\/dafomex.com\/wp-content\/uploads\/2023\/03\/Edfa-1024&#215;546.png 1024w, https:\/\/dafomex.com\/wp-content\/uploads\/2023\/03\/Edfa-768&#215;410.png 768w, https:\/\/dafomex.com\/wp-content\/uploads\/2023\/03\/Edfa-1400&#215;747.png 1400w, https:\/\/dafomex.com\/wp-content\/uploads\/2023\/03\/Edfa-700&#215;373.png 700w, https:\/\/dafomex.com\/wp-content\/uploads\/2023\/03\/Edfa-466&#215;249.png 466w, https:\/\/dafomex.com\/wp-content\/uploads\/2023\/03\/Edfa-933&#215;498.png 933w, https:\/\/dafomex.com\/wp-content\/uploads\/2023\/03\/Edfa-350&#215;187.png 350w&#8221;>\t\t\t\t\t\t\t\n<h4>\n\tEDFA\n\t<\/h4>\n\tAumenta la potencia \u00f3ptica con fibra dopada de erbio y consolida los servicios FTTX en un hilo de<br>\nfibra \u00f3ptica.\n\t\t\t\t\t\t\t<img decoding=\"async\" loading=\"lazy\" src=\"https:\/\/dafomex.com\/wp-content\/uploads\/2023\/03\/Distribuidor-optico.png\" alt=\"Distribuidor optico\" itemprop=\"image\" height=\"800\" width=\"1500\" title=\"Distribuidor optico\" onerror=\"this.style.display='none'\" sizes=\"(max-width: 768px) 100vw, 100vw\" srcset=\"data:image\/svg+xml;utf8,<svg%20xmlns=&quot;http:\/\/www.w3.org\/2000\/svg&quot;%20viewBox=&quot;0%200%201500%20800&quot;%20height=&quot;800px&quot;%20width=&quot;1500px&quot;\/>&#8221; data-srcset=&#8221;https:\/\/dafomex.com\/wp-content\/uploads\/2023\/03\/Distribuidor-optico.png 1500w, https:\/\/dafomex.com\/wp-content\/uploads\/2023\/03\/Distribuidor-optico-300&#215;160.png 300w, https:\/\/dafomex.com\/wp-content\/uploads\/2023\/03\/Distribuidor-optico-1024&#215;546.png 1024w, https:\/\/dafomex.com\/wp-content\/uploads\/2023\/03\/Distribuidor-optico-768&#215;410.png 768w, https:\/\/dafomex.com\/wp-content\/uploads\/2023\/03\/Distribuidor-optico-1400&#215;747.png 1400w, https:\/\/dafomex.com\/wp-content\/uploads\/2023\/03\/Distribuidor-optico-700&#215;373.png 700w, https:\/\/dafomex.com\/wp-content\/uploads\/2023\/03\/Distribuidor-optico-466&#215;249.png 466w, https:\/\/dafomex.com\/wp-content\/uploads\/2023\/03\/Distribuidor-optico-933&#215;498.png 933w, https:\/\/dafomex.com\/wp-content\/uploads\/2023\/03\/Distribuidor-optico-350&#215;187.png 350w&#8221;>\t\t\t\t\t\t\t\n<h4>\n\tDISTRIBUIDOR \u00d3PTICO\n\t<\/h4>\n\t<p>Conexiones seguras y eficientes con jumpers de diferentes longitudes y conectores.<\/p>\n\t\t\t\t\t\t\t<img decoding=\"async\" loading=\"lazy\" src=\"https:\/\/dafomex.com\/wp-content\/uploads\/2023\/03\/Jumper-de-fibra-optica.png\" alt=\"Jumper-de-fibra-optica\" itemprop=\"image\" height=\"800\" width=\"1500\" title=\"Jumper-de-fibra-optica\" onerror=\"this.style.display='none'\" sizes=\"(max-width: 768px) 100vw, 100vw\" srcset=\"data:image\/svg+xml;utf8,<svg%20xmlns=&quot;http:\/\/www.w3.org\/2000\/svg&quot;%20viewBox=&quot;0%200%201500%20800&quot;%20height=&quot;800px&quot;%20width=&quot;1500px&quot;\/>&#8221; data-srcset=&#8221;https:\/\/dafomex.com\/wp-content\/uploads\/2023\/03\/Jumper-de-fibra-optica.png 1500w, https:\/\/dafomex.com\/wp-content\/uploads\/2023\/03\/Jumper-de-fibra-optica-300&#215;160.png 300w, https:\/\/dafomex.com\/wp-content\/uploads\/2023\/03\/Jumper-de-fibra-optica-1024&#215;546.png 1024w, https:\/\/dafomex.com\/wp-content\/uploads\/2023\/03\/Jumper-de-fibra-optica-768&#215;410.png 768w, https:\/\/dafomex.com\/wp-content\/uploads\/2023\/03\/Jumper-de-fibra-optica-1400&#215;747.png 1400w, https:\/\/dafomex.com\/wp-content\/uploads\/2023\/03\/Jumper-de-fibra-optica-700&#215;373.png 700w, https:\/\/dafomex.com\/wp-content\/uploads\/2023\/03\/Jumper-de-fibra-optica-466&#215;249.png 466w, https:\/\/dafomex.com\/wp-content\/uploads\/2023\/03\/Jumper-de-fibra-optica-933&#215;498.png 933w, https:\/\/dafomex.com\/wp-content\/uploads\/2023\/03\/Jumper-de-fibra-optica-350&#215;187.png 350w&#8221;>\t\t\t\t\t\t\t\n<h4>\n\tJUMPER DE FIBRA \u00d3PTICA\n\t<\/h4>\n\t<p>Almacena y organiza los cables de fibra \u00f3ptica en planta interna para su transici\u00f3n a planta externa.<\/p>\n\t\t\t\t\t\t\t<img decoding=\"async\" loading=\"lazy\" src=\"https:\/\/dafomex.com\/wp-content\/uploads\/2023\/03\/Pigtail.png\" alt=\"Pigtail\" itemprop=\"image\" height=\"800\" width=\"1500\" title=\"Pigtail\" onerror=\"this.style.display='none'\" sizes=\"(max-width: 768px) 100vw, 100vw\" srcset=\"data:image\/svg+xml;utf8,<svg%20xmlns=&quot;http:\/\/www.w3.org\/2000\/svg&quot;%20viewBox=&quot;0%200%201500%20800&quot;%20height=&quot;800px&quot;%20width=&quot;1500px&quot;\/>&#8221; data-srcset=&#8221;https:\/\/dafomex.com\/wp-content\/uploads\/2023\/03\/Pigtail.png 1500w, https:\/\/dafomex.com\/wp-content\/uploads\/2023\/03\/Pigtail-300&#215;160.png 300w, https:\/\/dafomex.com\/wp-content\/uploads\/2023\/03\/Pigtail-1024&#215;546.png 1024w, https:\/\/dafomex.com\/wp-content\/uploads\/2023\/03\/Pigtail-768&#215;410.png 768w, https:\/\/dafomex.com\/wp-content\/uploads\/2023\/03\/Pigtail-1400&#215;747.png 1400w, https:\/\/dafomex.com\/wp-content\/uploads\/2023\/03\/Pigtail-700&#215;373.png 700w, https:\/\/dafomex.com\/wp-content\/uploads\/2023\/03\/Pigtail-466&#215;249.png 466w, https:\/\/dafomex.com\/wp-content\/uploads\/2023\/03\/Pigtail-933&#215;498.png 933w, https:\/\/dafomex.com\/wp-content\/uploads\/2023\/03\/Pigtail-350&#215;187.png 350w&#8221;>\t\t\t\t\t\t\t\n<h4>\n\tPIGTAIL\n\t<\/h4>\n\t<p>Empalma los cables de planta externa para distribuirlos en fibras 900um a trav\u00e9s de acopladores.<\/p>\n<\/div><!-- .vgblk-rw-wrapper -->","protected":false},"excerpt":{"rendered":"<p>Mejora la conectividad de tu infraestructura En el \u00e1mbito de las telecomunicaciones, la Planta Interna se refiere a la infraestructura de telecomunicaciones que se encuentra dentro de los edificios y recintos cerrados, y que conecta los dispositivos y equipos de comunicaci\u00f3n de los usuarios a la red de telecomunicaciones. La Planta Interna est\u00e1 dise\u00f1ada para&#8230;<\/p>\n","protected":false},"author":1,"featured_media":987710,"parent":12320,"menu_order":0,"comment_status":"closed","ping_status":"closed","template":"","meta":{"inline_featured_image":false,"_monsterinsights_skip_tracking":false,"_monsterinsights_sitenote_active":false,"_monsterinsights_sitenote_note":"","_monsterinsights_sitenote_category":0,"footnotes":""},"class_list":["post-12350","page","type-page","status-publish","has-post-thumbnail","hentry"],"yoast_head":"<!-- This site is optimized with the Yoast SEO plugin v27.1.1 - https:\/\/yoast.com\/product\/yoast-seo-wordpress\/ -->\n<title>Planta Interna - Dafomex<\/title>\n<meta name=\"robots\" content=\"index, follow, max-snippet:-1, max-image-preview:large, max-video-preview:-1\" \/>\n<link rel=\"canonical\" href=\"https:\/\/dafomex.com\/?page_id=12350\" \/>\n<meta property=\"og:locale\" content=\"en_US\" \/>\n<meta property=\"og:type\" content=\"article\" \/>\n<meta property=\"og:title\" content=\"Planta Interna - Dafomex\" \/>\n<meta property=\"og:description\" content=\"Mejora la conectividad de tu infraestructura En el \u00e1mbito de las telecomunicaciones, la Planta Interna se refiere a la infraestructura de telecomunicaciones que se encuentra dentro de los edificios y recintos cerrados, y que conecta los dispositivos y equipos de comunicaci\u00f3n de los usuarios a la red de telecomunicaciones. La Planta Interna est\u00e1 dise\u00f1ada para...\" \/>\n<meta property=\"og:url\" content=\"https:\/\/dafomex.com\/?page_id=12350\" \/>\n<meta property=\"og:site_name\" content=\"Dafomex\" \/>\n<meta property=\"article:modified_time\" content=\"2023-09-19T01:19:28+00:00\" \/>\n<meta property=\"og:image\" content=\"https:\/\/dafomex.com\/wp-content\/uploads\/2023\/02\/Planta-interna.png\" \/>\n\t<meta property=\"og:image:width\" content=\"1500\" \/>\n\t<meta property=\"og:image:height\" content=\"800\" \/>\n\t<meta property=\"og:image:type\" content=\"image\/png\" \/>\n<meta name=\"twitter:card\" content=\"summary_large_image\" \/>\n<meta name=\"twitter:label1\" content=\"Est. reading time\" \/>\n\t<meta name=\"twitter:data1\" content=\"3 minutes\" \/>\n<script type=\"application\/ld+json\" class=\"yoast-schema-graph\">{\"@context\":\"https:\/\/schema.org\",\"@graph\":[{\"@type\":\"WebPage\",\"@id\":\"https:\/\/dafomex.com\/?page_id=12350\",\"url\":\"https:\/\/dafomex.com\/?page_id=12350\",\"name\":\"Planta Interna - Dafomex\",\"isPartOf\":{\"@id\":\"https:\/\/dafomex.com\/#website\"},\"primaryImageOfPage\":{\"@id\":\"https:\/\/dafomex.com\/?page_id=12350#primaryimage\"},\"image\":{\"@id\":\"https:\/\/dafomex.com\/?page_id=12350#primaryimage\"},\"thumbnailUrl\":\"https:\/\/dafomex.com\/wp-content\/uploads\/2023\/02\/Planta-interna.png\",\"datePublished\":\"2017-04-26T15:07:13+00:00\",\"dateModified\":\"2023-09-19T01:19:28+00:00\",\"breadcrumb\":{\"@id\":\"https:\/\/dafomex.com\/?page_id=12350#breadcrumb\"},\"inLanguage\":\"en-US\",\"potentialAction\":[{\"@type\":\"ReadAction\",\"target\":[\"https:\/\/dafomex.com\/?page_id=12350\"]}]},{\"@type\":\"ImageObject\",\"inLanguage\":\"en-US\",\"@id\":\"https:\/\/dafomex.com\/?page_id=12350#primaryimage\",\"url\":\"https:\/\/dafomex.com\/wp-content\/uploads\/2023\/02\/Planta-interna.png\",\"contentUrl\":\"https:\/\/dafomex.com\/wp-content\/uploads\/2023\/02\/Planta-interna.png\",\"width\":1500,\"height\":800},{\"@type\":\"BreadcrumbList\",\"@id\":\"https:\/\/dafomex.com\/?page_id=12350#breadcrumb\",\"itemListElement\":[{\"@type\":\"ListItem\",\"position\":1,\"name\":\"Home\",\"item\":\"https:\/\/dafomex.com\/\"},{\"@type\":\"ListItem\",\"position\":2,\"name\":\"Industries Served\",\"item\":\"https:\/\/dafomex.com\/?page_id=12320\"},{\"@type\":\"ListItem\",\"position\":3,\"name\":\"Planta Interna\"}]},{\"@type\":\"WebSite\",\"@id\":\"https:\/\/dafomex.com\/#website\",\"url\":\"https:\/\/dafomex.com\/\",\"name\":\"Dafomex\",\"description\":\"\",\"publisher\":{\"@id\":\"https:\/\/dafomex.com\/#organization\"},\"potentialAction\":[{\"@type\":\"SearchAction\",\"target\":{\"@type\":\"EntryPoint\",\"urlTemplate\":\"https:\/\/dafomex.com\/?s={search_term_string}\"},\"query-input\":{\"@type\":\"PropertyValueSpecification\",\"valueRequired\":true,\"valueName\":\"search_term_string\"}}],\"inLanguage\":\"en-US\"},{\"@type\":\"Organization\",\"@id\":\"https:\/\/dafomex.com\/#organization\",\"name\":\"Dafomex\",\"url\":\"https:\/\/dafomex.com\/\",\"logo\":{\"@type\":\"ImageObject\",\"inLanguage\":\"en-US\",\"@id\":\"https:\/\/dafomex.com\/#\/schema\/logo\/image\/\",\"url\":\"https:\/\/dafomex.com\/wp-content\/uploads\/2023\/09\/dafomexlogo150max.jpg\",\"contentUrl\":\"https:\/\/dafomex.com\/wp-content\/uploads\/2023\/09\/dafomexlogo150max.jpg\",\"width\":150,\"height\":150,\"caption\":\"Dafomex\"},\"image\":{\"@id\":\"https:\/\/dafomex.com\/#\/schema\/logo\/image\/\"},\"sameAs\":[\"https:\/\/www.linkedin.com\/in\/grupo-dafomex-45a9b2263\/\"]}]}<\/script>\n<!-- \/ Yoast SEO plugin. -->","yoast_head_json":{"title":"Planta Interna - Dafomex","robots":{"index":"index","follow":"follow","max-snippet":"max-snippet:-1","max-image-preview":"max-image-preview:large","max-video-preview":"max-video-preview:-1"},"canonical":"https:\/\/dafomex.com\/?page_id=12350","og_locale":"en_US","og_type":"article","og_title":"Planta Interna - Dafomex","og_description":"Mejora la conectividad de tu infraestructura En el \u00e1mbito de las telecomunicaciones, la Planta Interna se refiere a la infraestructura de telecomunicaciones que se encuentra dentro de los edificios y recintos cerrados, y que conecta los dispositivos y equipos de comunicaci\u00f3n de los usuarios a la red de telecomunicaciones. La Planta Interna est\u00e1 dise\u00f1ada para...","og_url":"https:\/\/dafomex.com\/?page_id=12350","og_site_name":"Dafomex","article_modified_time":"2023-09-19T01:19:28+00:00","og_image":[{"width":1500,"height":800,"url":"https:\/\/dafomex.com\/wp-content\/uploads\/2023\/02\/Planta-interna.png","type":"image\/png"}],"twitter_card":"summary_large_image","twitter_misc":{"Est. reading time":"3 minutes"},"schema":{"@context":"https:\/\/schema.org","@graph":[{"@type":"WebPage","@id":"https:\/\/dafomex.com\/?page_id=12350","url":"https:\/\/dafomex.com\/?page_id=12350","name":"Planta Interna - Dafomex","isPartOf":{"@id":"https:\/\/dafomex.com\/#website"},"primaryImageOfPage":{"@id":"https:\/\/dafomex.com\/?page_id=12350#primaryimage"},"image":{"@id":"https:\/\/dafomex.com\/?page_id=12350#primaryimage"},"thumbnailUrl":"https:\/\/dafomex.com\/wp-content\/uploads\/2023\/02\/Planta-interna.png","datePublished":"2017-04-26T15:07:13+00:00","dateModified":"2023-09-19T01:19:28+00:00","breadcrumb":{"@id":"https:\/\/dafomex.com\/?page_id=12350#breadcrumb"},"inLanguage":"en-US","potentialAction":[{"@type":"ReadAction","target":["https:\/\/dafomex.com\/?page_id=12350"]}]},{"@type":"ImageObject","inLanguage":"en-US","@id":"https:\/\/dafomex.com\/?page_id=12350#primaryimage","url":"https:\/\/dafomex.com\/wp-content\/uploads\/2023\/02\/Planta-interna.png","contentUrl":"https:\/\/dafomex.com\/wp-content\/uploads\/2023\/02\/Planta-interna.png","width":1500,"height":800},{"@type":"BreadcrumbList","@id":"https:\/\/dafomex.com\/?page_id=12350#breadcrumb","itemListElement":[{"@type":"ListItem","position":1,"name":"Home","item":"https:\/\/dafomex.com\/"},{"@type":"ListItem","position":2,"name":"Industries Served","item":"https:\/\/dafomex.com\/?page_id=12320"},{"@type":"ListItem","position":3,"name":"Planta Interna"}]},{"@type":"WebSite","@id":"https:\/\/dafomex.com\/#website","url":"https:\/\/dafomex.com\/","name":"Dafomex","description":"","publisher":{"@id":"https:\/\/dafomex.com\/#organization"},"potentialAction":[{"@type":"SearchAction","target":{"@type":"EntryPoint","urlTemplate":"https:\/\/dafomex.com\/?s={search_term_string}"},"query-input":{"@type":"PropertyValueSpecification","valueRequired":true,"valueName":"search_term_string"}}],"inLanguage":"en-US"},{"@type":"Organization","@id":"https:\/\/dafomex.com\/#organization","name":"Dafomex","url":"https:\/\/dafomex.com\/","logo":{"@type":"ImageObject","inLanguage":"en-US","@id":"https:\/\/dafomex.com\/#\/schema\/logo\/image\/","url":"https:\/\/dafomex.com\/wp-content\/uploads\/2023\/09\/dafomexlogo150max.jpg","contentUrl":"https:\/\/dafomex.com\/wp-content\/uploads\/2023\/09\/dafomexlogo150max.jpg","width":150,"height":150,"caption":"Dafomex"},"image":{"@id":"https:\/\/dafomex.com\/#\/schema\/logo\/image\/"},"sameAs":["https:\/\/www.linkedin.com\/in\/grupo-dafomex-45a9b2263\/"]}]}},"_links":{"self":[{"href":"https:\/\/dafomex.com\/index.php?rest_route=\/wp\/v2\/pages\/12350","targetHints":{"allow":["GET"]}}],"collection":[{"href":"https:\/\/dafomex.com\/index.php?rest_route=\/wp\/v2\/pages"}],"about":[{"href":"https:\/\/dafomex.com\/index.php?rest_route=\/wp\/v2\/types\/page"}],"author":[{"embeddable":true,"href":"https:\/\/dafomex.com\/index.php?rest_route=\/wp\/v2\/users\/1"}],"replies":[{"embeddable":true,"href":"https:\/\/dafomex.com\/index.php?rest_route=%2Fwp%2Fv2%2Fcomments&post=12350"}],"version-history":[{"count":6,"href":"https:\/\/dafomex.com\/index.php?rest_route=\/wp\/v2\/pages\/12350\/revisions"}],"predecessor-version":[{"id":987817,"href":"https:\/\/dafomex.com\/index.php?rest_route=\/wp\/v2\/pages\/12350\/revisions\/987817"}],"up":[{"embeddable":true,"href":"https:\/\/dafomex.com\/index.php?rest_route=\/wp\/v2\/pages\/12320"}],"wp:featuredmedia":[{"embeddable":true,"href":"https:\/\/dafomex.com\/index.php?rest_route=\/wp\/v2\/media\/987710"}],"wp:attachment":[{"href":"https:\/\/dafomex.com\/index.php?rest_route=%2Fwp%2Fv2%2Fmedia&parent=12350"}],"curies":[{"name":"wp","href":"https:\/\/api.w.org\/{rel}","templated":true}]}}