{"id":12356,"date":"2017-04-26T15:08:19","date_gmt":"2017-04-26T15:08:19","guid":{"rendered":"https:\/\/nex.vamtam.com\/?page_id=12356"},"modified":"2023-03-02T07:06:58","modified_gmt":"2023-03-02T07:06:58","slug":"mechanical-engineering","status":"publish","type":"page","link":"https:\/\/dafomex.com\/?page_id=12356","title":{"rendered":"Planta Externa"},"content":{"rendered":"<div class=\"vgblk-rw-wrapper limit-wrapper\">\n<h2>\n\tOptimiza la transmisi\u00f3n de datos <br \/><b>a largas distancias<\/b>\n\t<\/h2>\n<p>La Planta Externa es la infraestructura de telecomunicaciones que se encuentra fuera de los edificios y recintos cerrados, y que conecta los dispositivos y equipos de comunicaci\u00f3n de los usuarios a la red de telecomunicaciones.<\/p>\n<p>La Planta Externa est\u00e1 dise\u00f1ada para soportar la transmisi\u00f3n de informaci\u00f3n a largas distancias, y en Grupo Dafomex, nos enfocamos en ofrecerte los productos de fibra \u00f3ptica m\u00e1s confiables y de alta calidad para tus necesidades de Planta Externa. Contamos con un amplio cat\u00e1logo de productos, incluyendo <strong>Cable ADSS, Fleje y Hebilla, Herraje tipo D, Preformados, Raqueta de almacenamiento y Caja de empalme<\/strong>, entre otros. Todos nuestros productos son certificados y est\u00e1n dise\u00f1ados para resistir las condiciones m\u00e1s extremas, lo que garantiza la calidad de la se\u00f1al en cualquier lugar y en cualquier momento.<\/p>\n<p>\u00a1No dudes en contactarnos y descubre c\u00f3mo podemos ayudarte a optimizar la transmisi\u00f3n de datos a largas distancias con Grupo Dafomex!<\/p>\n<h2>\n\tProductos <br \/> <b>Planta Externa<\/b>\n\t<\/h2>\n\t\t\t\t\t\t\t<img decoding=\"async\" loading=\"lazy\" src=\"https:\/\/dafomex.com\/wp-content\/uploads\/2023\/03\/cable-adss.png\" alt=\"cable-adss\" itemprop=\"image\" height=\"800\" width=\"1500\" title=\"cable-adss\" onerror=\"this.style.display='none'\"  sizes=\"auto, (max-width: 768px) 100vw, 100vw\" srcset=\"data:image\/svg+xml;utf8,&lt;svg%20xmlns=&quot;http:\/\/www.w3.org\/2000\/svg&quot;%20viewBox=&quot;0%200%201500%20800&quot;%20height=&quot;800px&quot;%20width=&quot;1500px&quot;\/&gt;\" data-srcset=\"https:\/\/dafomex.com\/wp-content\/uploads\/2023\/03\/cable-adss.png 1500w, https:\/\/dafomex.com\/wp-content\/uploads\/2023\/03\/cable-adss-300x160.png 300w, https:\/\/dafomex.com\/wp-content\/uploads\/2023\/03\/cable-adss-1024x546.png 1024w, https:\/\/dafomex.com\/wp-content\/uploads\/2023\/03\/cable-adss-768x410.png 768w, https:\/\/dafomex.com\/wp-content\/uploads\/2023\/03\/cable-adss-1400x747.png 1400w, https:\/\/dafomex.com\/wp-content\/uploads\/2023\/03\/cable-adss-700x373.png 700w, https:\/\/dafomex.com\/wp-content\/uploads\/2023\/03\/cable-adss-466x249.png 466w, https:\/\/dafomex.com\/wp-content\/uploads\/2023\/03\/cable-adss-933x498.png 933w, https:\/\/dafomex.com\/wp-content\/uploads\/2023\/03\/cable-adss-350x187.png 350w\" \/>\t\t\t\t\t\t\t\n<h4>\n\tCABLE ADSS\n\t<\/h4>\n\t<p>Constituye la red \u00f3ptica pasiva con aplicaci\u00f3n a\u00e9rea, ideal para redes troncales, secundarias o derivaciones. El cable es ligero, diel\u00e9ctrico y autosoportado.<\/p>\n\t\t\t\t\t\t\t<img decoding=\"async\" loading=\"lazy\" src=\"https:\/\/dafomex.com\/wp-content\/uploads\/2023\/03\/Fleje-y-hebilla.png\" alt=\"Fleje-y-hebilla\" itemprop=\"image\" height=\"800\" width=\"1500\" title=\"Fleje-y-hebilla\" onerror=\"this.style.display='none'\"  sizes=\"auto, (max-width: 768px) 100vw, 100vw\" srcset=\"data:image\/svg+xml;utf8,&lt;svg%20xmlns=&quot;http:\/\/www.w3.org\/2000\/svg&quot;%20viewBox=&quot;0%200%201500%20800&quot;%20height=&quot;800px&quot;%20width=&quot;1500px&quot;\/&gt;\" data-srcset=\"https:\/\/dafomex.com\/wp-content\/uploads\/2023\/03\/Fleje-y-hebilla.png 1500w, https:\/\/dafomex.com\/wp-content\/uploads\/2023\/03\/Fleje-y-hebilla-300x160.png 300w, https:\/\/dafomex.com\/wp-content\/uploads\/2023\/03\/Fleje-y-hebilla-1024x546.png 1024w, https:\/\/dafomex.com\/wp-content\/uploads\/2023\/03\/Fleje-y-hebilla-768x410.png 768w, https:\/\/dafomex.com\/wp-content\/uploads\/2023\/03\/Fleje-y-hebilla-1400x747.png 1400w, https:\/\/dafomex.com\/wp-content\/uploads\/2023\/03\/Fleje-y-hebilla-700x373.png 700w, https:\/\/dafomex.com\/wp-content\/uploads\/2023\/03\/Fleje-y-hebilla-466x249.png 466w, https:\/\/dafomex.com\/wp-content\/uploads\/2023\/03\/Fleje-y-hebilla-933x498.png 933w, https:\/\/dafomex.com\/wp-content\/uploads\/2023\/03\/Fleje-y-hebilla-350x187.png 350w\" \/>\t\t\t\t\t\t\t\n<h4>\n\tFLEJE Y HEBILLA\n\t<\/h4>\n\t<p>Herraje de sujeci\u00f3n al poste en cumplimiento a la normativa AISI 201 o 304 y fabricados con acero inoxidable resistente a la corrosi\u00f3n y alta fuerza de tensi\u00f3n.<\/p>\n\t\t\t\t\t\t\t<img decoding=\"async\" loading=\"lazy\" src=\"https:\/\/dafomex.com\/wp-content\/uploads\/2023\/03\/Herraje-tipo-D.png\" alt=\"Herraje-tipo-D\" itemprop=\"image\" height=\"800\" width=\"1500\" title=\"Herraje-tipo-D\" onerror=\"this.style.display='none'\"  sizes=\"auto, (max-width: 768px) 100vw, 100vw\" srcset=\"data:image\/svg+xml;utf8,&lt;svg%20xmlns=&quot;http:\/\/www.w3.org\/2000\/svg&quot;%20viewBox=&quot;0%200%201500%20800&quot;%20height=&quot;800px&quot;%20width=&quot;1500px&quot;\/&gt;\" data-srcset=\"https:\/\/dafomex.com\/wp-content\/uploads\/2023\/03\/Herraje-tipo-D.png 1500w, https:\/\/dafomex.com\/wp-content\/uploads\/2023\/03\/Herraje-tipo-D-300x160.png 300w, https:\/\/dafomex.com\/wp-content\/uploads\/2023\/03\/Herraje-tipo-D-1024x546.png 1024w, https:\/\/dafomex.com\/wp-content\/uploads\/2023\/03\/Herraje-tipo-D-768x410.png 768w, https:\/\/dafomex.com\/wp-content\/uploads\/2023\/03\/Herraje-tipo-D-1400x747.png 1400w, https:\/\/dafomex.com\/wp-content\/uploads\/2023\/03\/Herraje-tipo-D-700x373.png 700w, https:\/\/dafomex.com\/wp-content\/uploads\/2023\/03\/Herraje-tipo-D-466x249.png 466w, https:\/\/dafomex.com\/wp-content\/uploads\/2023\/03\/Herraje-tipo-D-933x498.png 933w, https:\/\/dafomex.com\/wp-content\/uploads\/2023\/03\/Herraje-tipo-D-350x187.png 350w\" \/>\t\t\t\t\t\t\t\n<h4>\n\tHERRAJE TIPO D\n\t<\/h4>\n\t<p>Herraje de tensi\u00f3n fabricados con acero inoxidable en el m\u00e9todo de galvanizado con inmersi\u00f3n en caliente para evitar la corrosi\u00f3n, alta resistencia y durabilidad en instalaciones de planta externa.<\/p>\n\t\t\t\t\t\t\t<img decoding=\"async\" loading=\"lazy\" src=\"https:\/\/dafomex.com\/wp-content\/uploads\/2023\/03\/Preformado.png\" alt=\"Preformado\" itemprop=\"image\" height=\"800\" width=\"1500\" title=\"Preformado\" onerror=\"this.style.display='none'\"  sizes=\"auto, (max-width: 768px) 100vw, 100vw\" srcset=\"data:image\/svg+xml;utf8,&lt;svg%20xmlns=&quot;http:\/\/www.w3.org\/2000\/svg&quot;%20viewBox=&quot;0%200%201500%20800&quot;%20height=&quot;800px&quot;%20width=&quot;1500px&quot;\/&gt;\" data-srcset=\"https:\/\/dafomex.com\/wp-content\/uploads\/2023\/03\/Preformado.png 1500w, https:\/\/dafomex.com\/wp-content\/uploads\/2023\/03\/Preformado-300x160.png 300w, https:\/\/dafomex.com\/wp-content\/uploads\/2023\/03\/Preformado-1024x546.png 1024w, https:\/\/dafomex.com\/wp-content\/uploads\/2023\/03\/Preformado-768x410.png 768w, https:\/\/dafomex.com\/wp-content\/uploads\/2023\/03\/Preformado-1400x747.png 1400w, https:\/\/dafomex.com\/wp-content\/uploads\/2023\/03\/Preformado-700x373.png 700w, https:\/\/dafomex.com\/wp-content\/uploads\/2023\/03\/Preformado-466x249.png 466w, https:\/\/dafomex.com\/wp-content\/uploads\/2023\/03\/Preformado-933x498.png 933w, https:\/\/dafomex.com\/wp-content\/uploads\/2023\/03\/Preformado-350x187.png 350w\" \/>\t\t\t\t\t\t\t\n<h4>\n\tPREFORMADOS\n\t<\/h4>\n\t<p>Herraje de tensi\u00f3n fabricado en acero aluminizado para sujetar los cables de fibra \u00f3ptica autosoportados de cualquier di\u00e1metro y marca en el mercado.<\/p>\n\t\t\t\t\t\t\t<img decoding=\"async\" loading=\"lazy\" src=\"https:\/\/dafomex.com\/wp-content\/uploads\/2023\/03\/Raqueta-plastica.png\" alt=\"Raqueta-plastica\" itemprop=\"image\" height=\"800\" width=\"1500\" title=\"Raqueta-plastica\" onerror=\"this.style.display='none'\"  sizes=\"auto, (max-width: 768px) 100vw, 100vw\" srcset=\"data:image\/svg+xml;utf8,&lt;svg%20xmlns=&quot;http:\/\/www.w3.org\/2000\/svg&quot;%20viewBox=&quot;0%200%201500%20800&quot;%20height=&quot;800px&quot;%20width=&quot;1500px&quot;\/&gt;\" data-srcset=\"https:\/\/dafomex.com\/wp-content\/uploads\/2023\/03\/Raqueta-plastica.png 1500w, https:\/\/dafomex.com\/wp-content\/uploads\/2023\/03\/Raqueta-plastica-300x160.png 300w, https:\/\/dafomex.com\/wp-content\/uploads\/2023\/03\/Raqueta-plastica-1024x546.png 1024w, https:\/\/dafomex.com\/wp-content\/uploads\/2023\/03\/Raqueta-plastica-768x410.png 768w, https:\/\/dafomex.com\/wp-content\/uploads\/2023\/03\/Raqueta-plastica-1400x747.png 1400w, https:\/\/dafomex.com\/wp-content\/uploads\/2023\/03\/Raqueta-plastica-700x373.png 700w, https:\/\/dafomex.com\/wp-content\/uploads\/2023\/03\/Raqueta-plastica-466x249.png 466w, https:\/\/dafomex.com\/wp-content\/uploads\/2023\/03\/Raqueta-plastica-933x498.png 933w, https:\/\/dafomex.com\/wp-content\/uploads\/2023\/03\/Raqueta-plastica-350x187.png 350w\" \/>\t\t\t\t\t\t\t\n<h4>\n\tRAQUETA DE ALMACENAMIENTO\n\t<\/h4>\n\t<p>Organiza los loops de cable de fibra \u00f3ptica para su almacenaje y disponibilidad en caso de mantenimiento.<\/p>\n\t\t\t\t\t\t\t<img decoding=\"async\" loading=\"lazy\" src=\"https:\/\/dafomex.com\/wp-content\/uploads\/2023\/03\/caja-de-empalme.png\" alt=\"caja-de-empalme\" itemprop=\"image\" height=\"800\" width=\"1500\" title=\"caja-de-empalme\" onerror=\"this.style.display='none'\"  sizes=\"auto, (max-width: 768px) 100vw, 100vw\" srcset=\"data:image\/svg+xml;utf8,&lt;svg%20xmlns=&quot;http:\/\/www.w3.org\/2000\/svg&quot;%20viewBox=&quot;0%200%201500%20800&quot;%20height=&quot;800px&quot;%20width=&quot;1500px&quot;\/&gt;\" data-srcset=\"https:\/\/dafomex.com\/wp-content\/uploads\/2023\/03\/caja-de-empalme.png 1500w, https:\/\/dafomex.com\/wp-content\/uploads\/2023\/03\/caja-de-empalme-300x160.png 300w, https:\/\/dafomex.com\/wp-content\/uploads\/2023\/03\/caja-de-empalme-1024x546.png 1024w, https:\/\/dafomex.com\/wp-content\/uploads\/2023\/03\/caja-de-empalme-768x410.png 768w, https:\/\/dafomex.com\/wp-content\/uploads\/2023\/03\/caja-de-empalme-1400x747.png 1400w, https:\/\/dafomex.com\/wp-content\/uploads\/2023\/03\/caja-de-empalme-700x373.png 700w, https:\/\/dafomex.com\/wp-content\/uploads\/2023\/03\/caja-de-empalme-466x249.png 466w, https:\/\/dafomex.com\/wp-content\/uploads\/2023\/03\/caja-de-empalme-933x498.png 933w, https:\/\/dafomex.com\/wp-content\/uploads\/2023\/03\/caja-de-empalme-350x187.png 350w\" \/>\t\t\t\t\t\t\t\n<h4>\n\tCAJA DE EMPALME\n\t<\/h4>\n\t<p>Resguarda los empalmes de fibra \u00f3ptica en planta externa en diferentes capacidades de 6 a 48 hilos.<\/p>\n\n<\/div><!-- .vgblk-rw-wrapper -->","protected":false},"excerpt":{"rendered":"<p>Optimiza la transmisi\u00f3n de datos a largas distancias La Planta Externa es la infraestructura de telecomunicaciones que se encuentra fuera de los edificios y recintos cerrados, y que conecta los dispositivos y equipos de comunicaci\u00f3n de los usuarios a la red de telecomunicaciones. La Planta Externa est\u00e1 dise\u00f1ada para soportar la transmisi\u00f3n de informaci\u00f3n a&#8230;<\/p>\n","protected":false},"author":1,"featured_media":0,"parent":12320,"menu_order":0,"comment_status":"closed","ping_status":"closed","template":"","meta":{"inline_featured_image":false,"_monsterinsights_skip_tracking":false,"_monsterinsights_sitenote_active":false,"_monsterinsights_sitenote_note":"","_monsterinsights_sitenote_category":0,"footnotes":""},"class_list":["post-12356","page","type-page","status-publish","hentry"],"yoast_head":"<!-- This site is optimized with the Yoast SEO plugin v27.1.1 - https:\/\/yoast.com\/product\/yoast-seo-wordpress\/ -->\n<title>Planta Externa - Dafomex<\/title>\n<meta name=\"robots\" content=\"index, follow, max-snippet:-1, max-image-preview:large, max-video-preview:-1\" \/>\n<link rel=\"canonical\" href=\"https:\/\/dafomex.com\/?page_id=12356\" \/>\n<meta property=\"og:locale\" content=\"en_US\" \/>\n<meta property=\"og:type\" content=\"article\" \/>\n<meta property=\"og:title\" content=\"Planta Externa - Dafomex\" \/>\n<meta property=\"og:description\" content=\"Optimiza la transmisi\u00f3n de datos a largas distancias La Planta Externa es la infraestructura de telecomunicaciones que se encuentra fuera de los edificios y recintos cerrados, y que conecta los dispositivos y equipos de comunicaci\u00f3n de los usuarios a la red de telecomunicaciones. La Planta Externa est\u00e1 dise\u00f1ada para soportar la transmisi\u00f3n de informaci\u00f3n a...\" \/>\n<meta property=\"og:url\" content=\"https:\/\/dafomex.com\/?page_id=12356\" \/>\n<meta property=\"og:site_name\" content=\"Dafomex\" \/>\n<meta property=\"article:modified_time\" content=\"2023-03-02T07:06:58+00:00\" \/>\n<meta property=\"og:image\" content=\"https:\/\/dafomex.com\/wp-content\/uploads\/2023\/03\/cable-adss.png\" \/>\n<meta name=\"twitter:card\" content=\"summary_large_image\" \/>\n<meta name=\"twitter:label1\" content=\"Est. reading time\" \/>\n\t<meta name=\"twitter:data1\" content=\"2 minutes\" \/>\n<script type=\"application\/ld+json\" class=\"yoast-schema-graph\">{\"@context\":\"https:\/\/schema.org\",\"@graph\":[{\"@type\":\"WebPage\",\"@id\":\"https:\/\/dafomex.com\/?page_id=12356\",\"url\":\"https:\/\/dafomex.com\/?page_id=12356\",\"name\":\"Planta Externa - Dafomex\",\"isPartOf\":{\"@id\":\"https:\/\/dafomex.com\/#website\"},\"primaryImageOfPage\":{\"@id\":\"https:\/\/dafomex.com\/?page_id=12356#primaryimage\"},\"image\":{\"@id\":\"https:\/\/dafomex.com\/?page_id=12356#primaryimage\"},\"thumbnailUrl\":\"https:\/\/dafomex.com\/wp-content\/uploads\/2023\/03\/cable-adss.png\",\"datePublished\":\"2017-04-26T15:08:19+00:00\",\"dateModified\":\"2023-03-02T07:06:58+00:00\",\"breadcrumb\":{\"@id\":\"https:\/\/dafomex.com\/?page_id=12356#breadcrumb\"},\"inLanguage\":\"en-US\",\"potentialAction\":[{\"@type\":\"ReadAction\",\"target\":[\"https:\/\/dafomex.com\/?page_id=12356\"]}]},{\"@type\":\"ImageObject\",\"inLanguage\":\"en-US\",\"@id\":\"https:\/\/dafomex.com\/?page_id=12356#primaryimage\",\"url\":\"https:\/\/dafomex.com\/wp-content\/uploads\/2023\/03\/cable-adss.png\",\"contentUrl\":\"https:\/\/dafomex.com\/wp-content\/uploads\/2023\/03\/cable-adss.png\",\"width\":1500,\"height\":800},{\"@type\":\"BreadcrumbList\",\"@id\":\"https:\/\/dafomex.com\/?page_id=12356#breadcrumb\",\"itemListElement\":[{\"@type\":\"ListItem\",\"position\":1,\"name\":\"Home\",\"item\":\"https:\/\/dafomex.com\/\"},{\"@type\":\"ListItem\",\"position\":2,\"name\":\"Industries Served\",\"item\":\"https:\/\/dafomex.com\/?page_id=12320\"},{\"@type\":\"ListItem\",\"position\":3,\"name\":\"Planta Externa\"}]},{\"@type\":\"WebSite\",\"@id\":\"https:\/\/dafomex.com\/#website\",\"url\":\"https:\/\/dafomex.com\/\",\"name\":\"Dafomex\",\"description\":\"\",\"publisher\":{\"@id\":\"https:\/\/dafomex.com\/#organization\"},\"potentialAction\":[{\"@type\":\"SearchAction\",\"target\":{\"@type\":\"EntryPoint\",\"urlTemplate\":\"https:\/\/dafomex.com\/?s={search_term_string}\"},\"query-input\":{\"@type\":\"PropertyValueSpecification\",\"valueRequired\":true,\"valueName\":\"search_term_string\"}}],\"inLanguage\":\"en-US\"},{\"@type\":\"Organization\",\"@id\":\"https:\/\/dafomex.com\/#organization\",\"name\":\"Dafomex\",\"url\":\"https:\/\/dafomex.com\/\",\"logo\":{\"@type\":\"ImageObject\",\"inLanguage\":\"en-US\",\"@id\":\"https:\/\/dafomex.com\/#\/schema\/logo\/image\/\",\"url\":\"https:\/\/dafomex.com\/wp-content\/uploads\/2023\/09\/dafomexlogo150max.jpg\",\"contentUrl\":\"https:\/\/dafomex.com\/wp-content\/uploads\/2023\/09\/dafomexlogo150max.jpg\",\"width\":150,\"height\":150,\"caption\":\"Dafomex\"},\"image\":{\"@id\":\"https:\/\/dafomex.com\/#\/schema\/logo\/image\/\"},\"sameAs\":[\"https:\/\/www.linkedin.com\/in\/grupo-dafomex-45a9b2263\/\"]}]}<\/script>\n<!-- \/ Yoast SEO plugin. -->","yoast_head_json":{"title":"Planta Externa - Dafomex","robots":{"index":"index","follow":"follow","max-snippet":"max-snippet:-1","max-image-preview":"max-image-preview:large","max-video-preview":"max-video-preview:-1"},"canonical":"https:\/\/dafomex.com\/?page_id=12356","og_locale":"en_US","og_type":"article","og_title":"Planta Externa - Dafomex","og_description":"Optimiza la transmisi\u00f3n de datos a largas distancias La Planta Externa es la infraestructura de telecomunicaciones que se encuentra fuera de los edificios y recintos cerrados, y que conecta los dispositivos y equipos de comunicaci\u00f3n de los usuarios a la red de telecomunicaciones. La Planta Externa est\u00e1 dise\u00f1ada para soportar la transmisi\u00f3n de informaci\u00f3n a...","og_url":"https:\/\/dafomex.com\/?page_id=12356","og_site_name":"Dafomex","article_modified_time":"2023-03-02T07:06:58+00:00","og_image":[{"url":"https:\/\/dafomex.com\/wp-content\/uploads\/2023\/03\/cable-adss.png","type":"","width":"","height":""}],"twitter_card":"summary_large_image","twitter_misc":{"Est. reading time":"2 minutes"},"schema":{"@context":"https:\/\/schema.org","@graph":[{"@type":"WebPage","@id":"https:\/\/dafomex.com\/?page_id=12356","url":"https:\/\/dafomex.com\/?page_id=12356","name":"Planta Externa - Dafomex","isPartOf":{"@id":"https:\/\/dafomex.com\/#website"},"primaryImageOfPage":{"@id":"https:\/\/dafomex.com\/?page_id=12356#primaryimage"},"image":{"@id":"https:\/\/dafomex.com\/?page_id=12356#primaryimage"},"thumbnailUrl":"https:\/\/dafomex.com\/wp-content\/uploads\/2023\/03\/cable-adss.png","datePublished":"2017-04-26T15:08:19+00:00","dateModified":"2023-03-02T07:06:58+00:00","breadcrumb":{"@id":"https:\/\/dafomex.com\/?page_id=12356#breadcrumb"},"inLanguage":"en-US","potentialAction":[{"@type":"ReadAction","target":["https:\/\/dafomex.com\/?page_id=12356"]}]},{"@type":"ImageObject","inLanguage":"en-US","@id":"https:\/\/dafomex.com\/?page_id=12356#primaryimage","url":"https:\/\/dafomex.com\/wp-content\/uploads\/2023\/03\/cable-adss.png","contentUrl":"https:\/\/dafomex.com\/wp-content\/uploads\/2023\/03\/cable-adss.png","width":1500,"height":800},{"@type":"BreadcrumbList","@id":"https:\/\/dafomex.com\/?page_id=12356#breadcrumb","itemListElement":[{"@type":"ListItem","position":1,"name":"Home","item":"https:\/\/dafomex.com\/"},{"@type":"ListItem","position":2,"name":"Industries Served","item":"https:\/\/dafomex.com\/?page_id=12320"},{"@type":"ListItem","position":3,"name":"Planta Externa"}]},{"@type":"WebSite","@id":"https:\/\/dafomex.com\/#website","url":"https:\/\/dafomex.com\/","name":"Dafomex","description":"","publisher":{"@id":"https:\/\/dafomex.com\/#organization"},"potentialAction":[{"@type":"SearchAction","target":{"@type":"EntryPoint","urlTemplate":"https:\/\/dafomex.com\/?s={search_term_string}"},"query-input":{"@type":"PropertyValueSpecification","valueRequired":true,"valueName":"search_term_string"}}],"inLanguage":"en-US"},{"@type":"Organization","@id":"https:\/\/dafomex.com\/#organization","name":"Dafomex","url":"https:\/\/dafomex.com\/","logo":{"@type":"ImageObject","inLanguage":"en-US","@id":"https:\/\/dafomex.com\/#\/schema\/logo\/image\/","url":"https:\/\/dafomex.com\/wp-content\/uploads\/2023\/09\/dafomexlogo150max.jpg","contentUrl":"https:\/\/dafomex.com\/wp-content\/uploads\/2023\/09\/dafomexlogo150max.jpg","width":150,"height":150,"caption":"Dafomex"},"image":{"@id":"https:\/\/dafomex.com\/#\/schema\/logo\/image\/"},"sameAs":["https:\/\/www.linkedin.com\/in\/grupo-dafomex-45a9b2263\/"]}]}},"_links":{"self":[{"href":"https:\/\/dafomex.com\/index.php?rest_route=\/wp\/v2\/pages\/12356","targetHints":{"allow":["GET"]}}],"collection":[{"href":"https:\/\/dafomex.com\/index.php?rest_route=\/wp\/v2\/pages"}],"about":[{"href":"https:\/\/dafomex.com\/index.php?rest_route=\/wp\/v2\/types\/page"}],"author":[{"embeddable":true,"href":"https:\/\/dafomex.com\/index.php?rest_route=\/wp\/v2\/users\/1"}],"replies":[{"embeddable":true,"href":"https:\/\/dafomex.com\/index.php?rest_route=%2Fwp%2Fv2%2Fcomments&post=12356"}],"version-history":[{"count":4,"href":"https:\/\/dafomex.com\/index.php?rest_route=\/wp\/v2\/pages\/12356\/revisions"}],"predecessor-version":[{"id":987798,"href":"https:\/\/dafomex.com\/index.php?rest_route=\/wp\/v2\/pages\/12356\/revisions\/987798"}],"up":[{"embeddable":true,"href":"https:\/\/dafomex.com\/index.php?rest_route=\/wp\/v2\/pages\/12320"}],"wp:attachment":[{"href":"https:\/\/dafomex.com\/index.php?rest_route=%2Fwp%2Fv2%2Fmedia&parent=12356"}],"curies":[{"name":"wp","href":"https:\/\/api.w.org\/{rel}","templated":true}]}}