{"id":12505,"date":"2017-04-30T11:02:13","date_gmt":"2017-04-30T11:02:13","guid":{"rendered":"https:\/\/nex.vamtam.com\/?page_id=12505"},"modified":"2023-03-02T07:09:22","modified_gmt":"2023-03-02T07:09:22","slug":"industrial-construction","status":"publish","type":"page","link":"https:\/\/dafomex.com\/?page_id=12505","title":{"rendered":"\u00daltima Milla"},"content":{"rendered":"<div class=\"vgblk-rw-wrapper limit-wrapper\">\n<h2>\n\tProductos de \u00faltima milla:<br \/><b>Conectando a la velocidad de la luz<\/b>\n\t<\/h2>\n\t<p>Los productos de \u00faltima milla de Grupo Dafomex est\u00e1n dise\u00f1ados para conectar a los usuarios finales a la velocidad de la luz. Nuestra amplia gama de productos incluye <strong>cajas terminales, divisores \u00f3pticos splitter PLC y acopladore<\/strong>s, todos los cuales son esenciales para la implementaci\u00f3n de redes FTTH.<\/p>\n<p>Con nuestras soluciones de \u00faltima milla, los proveedores de servicios pueden garantizar una experiencia de usuario superior y una conectividad confiable en cada hogar y oficina. Ya sea que necesite una caja terminal para conectar el \u00faltimo tramo de su red o un divisor \u00f3ptico para distribuir se\u00f1ales a m\u00faltiples usuarios finales, estamos listos para proporcionarle productos de alta calidad a precios competitivos.<\/p>\n<p>Cont\u00e1ctanos hoy para conocer m\u00e1s sobre nuestras soluciones de \u00faltima milla y c\u00f3mo podemos ayudarte a llevar tu red de telecomunicaciones al siguiente nivel.<\/p>\n<h2>\n\tProductos <br \/> <b>\u00daltima Milla<\/b>\n\t<\/h2>\n\t\t\t\t\t\t\t<img decoding=\"async\" loading=\"lazy\" src=\"https:\/\/dafomex.com\/wp-content\/uploads\/2023\/03\/caja-terminal.png\" alt=\"caja-terminal\" itemprop=\"image\" height=\"800\" width=\"1500\" title=\"caja-terminal\" onerror=\"this.style.display='none'\"  sizes=\"auto, (max-width: 768px) 100vw, 100vw\" srcset=\"data:image\/svg+xml;utf8,&lt;svg%20xmlns=&quot;http:\/\/www.w3.org\/2000\/svg&quot;%20viewBox=&quot;0%200%201500%20800&quot;%20height=&quot;800px&quot;%20width=&quot;1500px&quot;\/&gt;\" data-srcset=\"https:\/\/dafomex.com\/wp-content\/uploads\/2023\/03\/caja-terminal.png 1500w, https:\/\/dafomex.com\/wp-content\/uploads\/2023\/03\/caja-terminal-300x160.png 300w, https:\/\/dafomex.com\/wp-content\/uploads\/2023\/03\/caja-terminal-1024x546.png 1024w, https:\/\/dafomex.com\/wp-content\/uploads\/2023\/03\/caja-terminal-768x410.png 768w, https:\/\/dafomex.com\/wp-content\/uploads\/2023\/03\/caja-terminal-1400x747.png 1400w, https:\/\/dafomex.com\/wp-content\/uploads\/2023\/03\/caja-terminal-700x373.png 700w, https:\/\/dafomex.com\/wp-content\/uploads\/2023\/03\/caja-terminal-466x249.png 466w, https:\/\/dafomex.com\/wp-content\/uploads\/2023\/03\/caja-terminal-933x498.png 933w, https:\/\/dafomex.com\/wp-content\/uploads\/2023\/03\/caja-terminal-350x187.png 350w\" \/>\t\t\t\t\t\t\t\n<h4>\n\tCAJA TERMINAL\n\t<\/h4>\n\t<p>Resguarda la multiplexaci\u00f3n de las fibras para distribuir los cables de acometida en direcci\u00f3n al usuario final.<\/p>\n\t\t\t\t\t\t\t<img decoding=\"async\" loading=\"lazy\" src=\"https:\/\/dafomex.com\/wp-content\/uploads\/2023\/03\/splitter-plc.png\" alt=\"splitter-plc\" itemprop=\"image\" height=\"800\" width=\"1500\" title=\"splitter-plc\" onerror=\"this.style.display='none'\"  sizes=\"auto, (max-width: 768px) 100vw, 100vw\" srcset=\"data:image\/svg+xml;utf8,&lt;svg%20xmlns=&quot;http:\/\/www.w3.org\/2000\/svg&quot;%20viewBox=&quot;0%200%201500%20800&quot;%20height=&quot;800px&quot;%20width=&quot;1500px&quot;\/&gt;\" data-srcset=\"https:\/\/dafomex.com\/wp-content\/uploads\/2023\/03\/splitter-plc.png 1500w, https:\/\/dafomex.com\/wp-content\/uploads\/2023\/03\/splitter-plc-300x160.png 300w, https:\/\/dafomex.com\/wp-content\/uploads\/2023\/03\/splitter-plc-1024x546.png 1024w, https:\/\/dafomex.com\/wp-content\/uploads\/2023\/03\/splitter-plc-768x410.png 768w, https:\/\/dafomex.com\/wp-content\/uploads\/2023\/03\/splitter-plc-1400x747.png 1400w, https:\/\/dafomex.com\/wp-content\/uploads\/2023\/03\/splitter-plc-700x373.png 700w, https:\/\/dafomex.com\/wp-content\/uploads\/2023\/03\/splitter-plc-466x249.png 466w, https:\/\/dafomex.com\/wp-content\/uploads\/2023\/03\/splitter-plc-933x498.png 933w, https:\/\/dafomex.com\/wp-content\/uploads\/2023\/03\/splitter-plc-350x187.png 350w\" \/>\t\t\t\t\t\t\t\n<h4>\n\tVISOR \u00d3PTICO SPLITTER PLC\n\t<\/h4>\n\t<p>Realiza la divisi\u00f3n \u00f3ptica para que los enlaces puedan ser punto a multipunto y tengan un mayor alcance de usuarios.<\/p>\n\t\t\t\t\t\t\t<img decoding=\"async\" loading=\"lazy\" src=\"https:\/\/dafomex.com\/wp-content\/uploads\/2023\/03\/acopladores.png\" alt=\"acopladores\" itemprop=\"image\" height=\"800\" width=\"1500\" title=\"acopladores\" onerror=\"this.style.display='none'\"  sizes=\"auto, (max-width: 768px) 100vw, 100vw\" srcset=\"data:image\/svg+xml;utf8,&lt;svg%20xmlns=&quot;http:\/\/www.w3.org\/2000\/svg&quot;%20viewBox=&quot;0%200%201500%20800&quot;%20height=&quot;800px&quot;%20width=&quot;1500px&quot;\/&gt;\" data-srcset=\"https:\/\/dafomex.com\/wp-content\/uploads\/2023\/03\/acopladores.png 1500w, https:\/\/dafomex.com\/wp-content\/uploads\/2023\/03\/acopladores-300x160.png 300w, https:\/\/dafomex.com\/wp-content\/uploads\/2023\/03\/acopladores-1024x546.png 1024w, https:\/\/dafomex.com\/wp-content\/uploads\/2023\/03\/acopladores-768x410.png 768w, https:\/\/dafomex.com\/wp-content\/uploads\/2023\/03\/acopladores-1400x747.png 1400w, https:\/\/dafomex.com\/wp-content\/uploads\/2023\/03\/acopladores-700x373.png 700w, https:\/\/dafomex.com\/wp-content\/uploads\/2023\/03\/acopladores-466x249.png 466w, https:\/\/dafomex.com\/wp-content\/uploads\/2023\/03\/acopladores-933x498.png 933w, https:\/\/dafomex.com\/wp-content\/uploads\/2023\/03\/acopladores-350x187.png 350w\" \/>\t\t\t\t\t\t\t\n<h4>\n\tACOPLADORES\n\t<\/h4>\n\t<p>Permite la uni\u00f3n segura y precisa de los conectores de fibra \u00f3ptica en cajas terminales o de distribuci\u00f3n.<\/p>\n\n<\/div><!-- .vgblk-rw-wrapper -->","protected":false},"excerpt":{"rendered":"<p>Productos de \u00faltima milla:Conectando a la velocidad de la luz Los productos de \u00faltima milla de Grupo Dafomex est\u00e1n dise\u00f1ados para conectar a los usuarios finales a la velocidad de la luz. Nuestra amplia gama de productos incluye cajas terminales, divisores \u00f3pticos splitter PLC y acopladores, todos los cuales son esenciales para la implementaci\u00f3n de&#8230;<\/p>\n","protected":false},"author":1,"featured_media":987714,"parent":12320,"menu_order":0,"comment_status":"closed","ping_status":"closed","template":"","meta":{"inline_featured_image":false,"_monsterinsights_skip_tracking":false,"_monsterinsights_sitenote_active":false,"_monsterinsights_sitenote_note":"","_monsterinsights_sitenote_category":0,"footnotes":""},"class_list":["post-12505","page","type-page","status-publish","has-post-thumbnail","hentry"],"yoast_head":"<!-- This site is optimized with the Yoast SEO plugin v27.1.1 - https:\/\/yoast.com\/product\/yoast-seo-wordpress\/ -->\n<title>\u00daltima Milla - Dafomex<\/title>\n<meta name=\"robots\" content=\"index, follow, max-snippet:-1, max-image-preview:large, max-video-preview:-1\" \/>\n<link rel=\"canonical\" href=\"https:\/\/dafomex.com\/?page_id=12505\" \/>\n<meta property=\"og:locale\" content=\"en_US\" \/>\n<meta property=\"og:type\" content=\"article\" \/>\n<meta property=\"og:title\" content=\"\u00daltima Milla - Dafomex\" \/>\n<meta property=\"og:description\" content=\"Productos de \u00faltima milla:Conectando a la velocidad de la luz Los productos de \u00faltima milla de Grupo Dafomex est\u00e1n dise\u00f1ados para conectar a los usuarios finales a la velocidad de la luz. Nuestra amplia gama de productos incluye cajas terminales, divisores \u00f3pticos splitter PLC y acopladores, todos los cuales son esenciales para la implementaci\u00f3n de...\" \/>\n<meta property=\"og:url\" content=\"https:\/\/dafomex.com\/?page_id=12505\" \/>\n<meta property=\"og:site_name\" content=\"Dafomex\" \/>\n<meta property=\"article:modified_time\" content=\"2023-03-02T07:09:22+00:00\" \/>\n<meta property=\"og:image\" content=\"https:\/\/dafomex.com\/wp-content\/uploads\/2023\/02\/Equipo-FO.png\" \/>\n\t<meta property=\"og:image:width\" content=\"1500\" \/>\n\t<meta property=\"og:image:height\" content=\"800\" \/>\n\t<meta property=\"og:image:type\" content=\"image\/png\" \/>\n<meta name=\"twitter:card\" content=\"summary_large_image\" \/>\n<meta name=\"twitter:label1\" content=\"Est. reading time\" \/>\n\t<meta name=\"twitter:data1\" content=\"1 minute\" \/>\n<script type=\"application\/ld+json\" class=\"yoast-schema-graph\">{\"@context\":\"https:\/\/schema.org\",\"@graph\":[{\"@type\":\"WebPage\",\"@id\":\"https:\/\/dafomex.com\/?page_id=12505\",\"url\":\"https:\/\/dafomex.com\/?page_id=12505\",\"name\":\"\u00daltima Milla - Dafomex\",\"isPartOf\":{\"@id\":\"https:\/\/dafomex.com\/#website\"},\"primaryImageOfPage\":{\"@id\":\"https:\/\/dafomex.com\/?page_id=12505#primaryimage\"},\"image\":{\"@id\":\"https:\/\/dafomex.com\/?page_id=12505#primaryimage\"},\"thumbnailUrl\":\"https:\/\/dafomex.com\/wp-content\/uploads\/2023\/02\/Equipo-FO.png\",\"datePublished\":\"2017-04-30T11:02:13+00:00\",\"dateModified\":\"2023-03-02T07:09:22+00:00\",\"breadcrumb\":{\"@id\":\"https:\/\/dafomex.com\/?page_id=12505#breadcrumb\"},\"inLanguage\":\"en-US\",\"potentialAction\":[{\"@type\":\"ReadAction\",\"target\":[\"https:\/\/dafomex.com\/?page_id=12505\"]}]},{\"@type\":\"ImageObject\",\"inLanguage\":\"en-US\",\"@id\":\"https:\/\/dafomex.com\/?page_id=12505#primaryimage\",\"url\":\"https:\/\/dafomex.com\/wp-content\/uploads\/2023\/02\/Equipo-FO.png\",\"contentUrl\":\"https:\/\/dafomex.com\/wp-content\/uploads\/2023\/02\/Equipo-FO.png\",\"width\":1500,\"height\":800},{\"@type\":\"BreadcrumbList\",\"@id\":\"https:\/\/dafomex.com\/?page_id=12505#breadcrumb\",\"itemListElement\":[{\"@type\":\"ListItem\",\"position\":1,\"name\":\"Home\",\"item\":\"https:\/\/dafomex.com\/\"},{\"@type\":\"ListItem\",\"position\":2,\"name\":\"Industries Served\",\"item\":\"https:\/\/dafomex.com\/?page_id=12320\"},{\"@type\":\"ListItem\",\"position\":3,\"name\":\"\u00daltima Milla\"}]},{\"@type\":\"WebSite\",\"@id\":\"https:\/\/dafomex.com\/#website\",\"url\":\"https:\/\/dafomex.com\/\",\"name\":\"Dafomex\",\"description\":\"\",\"publisher\":{\"@id\":\"https:\/\/dafomex.com\/#organization\"},\"potentialAction\":[{\"@type\":\"SearchAction\",\"target\":{\"@type\":\"EntryPoint\",\"urlTemplate\":\"https:\/\/dafomex.com\/?s={search_term_string}\"},\"query-input\":{\"@type\":\"PropertyValueSpecification\",\"valueRequired\":true,\"valueName\":\"search_term_string\"}}],\"inLanguage\":\"en-US\"},{\"@type\":\"Organization\",\"@id\":\"https:\/\/dafomex.com\/#organization\",\"name\":\"Dafomex\",\"url\":\"https:\/\/dafomex.com\/\",\"logo\":{\"@type\":\"ImageObject\",\"inLanguage\":\"en-US\",\"@id\":\"https:\/\/dafomex.com\/#\/schema\/logo\/image\/\",\"url\":\"https:\/\/dafomex.com\/wp-content\/uploads\/2023\/09\/dafomexlogo150max.jpg\",\"contentUrl\":\"https:\/\/dafomex.com\/wp-content\/uploads\/2023\/09\/dafomexlogo150max.jpg\",\"width\":150,\"height\":150,\"caption\":\"Dafomex\"},\"image\":{\"@id\":\"https:\/\/dafomex.com\/#\/schema\/logo\/image\/\"},\"sameAs\":[\"https:\/\/www.linkedin.com\/in\/grupo-dafomex-45a9b2263\/\"]}]}<\/script>\n<!-- \/ Yoast SEO plugin. -->","yoast_head_json":{"title":"\u00daltima Milla - Dafomex","robots":{"index":"index","follow":"follow","max-snippet":"max-snippet:-1","max-image-preview":"max-image-preview:large","max-video-preview":"max-video-preview:-1"},"canonical":"https:\/\/dafomex.com\/?page_id=12505","og_locale":"en_US","og_type":"article","og_title":"\u00daltima Milla - Dafomex","og_description":"Productos de \u00faltima milla:Conectando a la velocidad de la luz Los productos de \u00faltima milla de Grupo Dafomex est\u00e1n dise\u00f1ados para conectar a los usuarios finales a la velocidad de la luz. Nuestra amplia gama de productos incluye cajas terminales, divisores \u00f3pticos splitter PLC y acopladores, todos los cuales son esenciales para la implementaci\u00f3n de...","og_url":"https:\/\/dafomex.com\/?page_id=12505","og_site_name":"Dafomex","article_modified_time":"2023-03-02T07:09:22+00:00","og_image":[{"width":1500,"height":800,"url":"https:\/\/dafomex.com\/wp-content\/uploads\/2023\/02\/Equipo-FO.png","type":"image\/png"}],"twitter_card":"summary_large_image","twitter_misc":{"Est. reading time":"1 minute"},"schema":{"@context":"https:\/\/schema.org","@graph":[{"@type":"WebPage","@id":"https:\/\/dafomex.com\/?page_id=12505","url":"https:\/\/dafomex.com\/?page_id=12505","name":"\u00daltima Milla - Dafomex","isPartOf":{"@id":"https:\/\/dafomex.com\/#website"},"primaryImageOfPage":{"@id":"https:\/\/dafomex.com\/?page_id=12505#primaryimage"},"image":{"@id":"https:\/\/dafomex.com\/?page_id=12505#primaryimage"},"thumbnailUrl":"https:\/\/dafomex.com\/wp-content\/uploads\/2023\/02\/Equipo-FO.png","datePublished":"2017-04-30T11:02:13+00:00","dateModified":"2023-03-02T07:09:22+00:00","breadcrumb":{"@id":"https:\/\/dafomex.com\/?page_id=12505#breadcrumb"},"inLanguage":"en-US","potentialAction":[{"@type":"ReadAction","target":["https:\/\/dafomex.com\/?page_id=12505"]}]},{"@type":"ImageObject","inLanguage":"en-US","@id":"https:\/\/dafomex.com\/?page_id=12505#primaryimage","url":"https:\/\/dafomex.com\/wp-content\/uploads\/2023\/02\/Equipo-FO.png","contentUrl":"https:\/\/dafomex.com\/wp-content\/uploads\/2023\/02\/Equipo-FO.png","width":1500,"height":800},{"@type":"BreadcrumbList","@id":"https:\/\/dafomex.com\/?page_id=12505#breadcrumb","itemListElement":[{"@type":"ListItem","position":1,"name":"Home","item":"https:\/\/dafomex.com\/"},{"@type":"ListItem","position":2,"name":"Industries Served","item":"https:\/\/dafomex.com\/?page_id=12320"},{"@type":"ListItem","position":3,"name":"\u00daltima Milla"}]},{"@type":"WebSite","@id":"https:\/\/dafomex.com\/#website","url":"https:\/\/dafomex.com\/","name":"Dafomex","description":"","publisher":{"@id":"https:\/\/dafomex.com\/#organization"},"potentialAction":[{"@type":"SearchAction","target":{"@type":"EntryPoint","urlTemplate":"https:\/\/dafomex.com\/?s={search_term_string}"},"query-input":{"@type":"PropertyValueSpecification","valueRequired":true,"valueName":"search_term_string"}}],"inLanguage":"en-US"},{"@type":"Organization","@id":"https:\/\/dafomex.com\/#organization","name":"Dafomex","url":"https:\/\/dafomex.com\/","logo":{"@type":"ImageObject","inLanguage":"en-US","@id":"https:\/\/dafomex.com\/#\/schema\/logo\/image\/","url":"https:\/\/dafomex.com\/wp-content\/uploads\/2023\/09\/dafomexlogo150max.jpg","contentUrl":"https:\/\/dafomex.com\/wp-content\/uploads\/2023\/09\/dafomexlogo150max.jpg","width":150,"height":150,"caption":"Dafomex"},"image":{"@id":"https:\/\/dafomex.com\/#\/schema\/logo\/image\/"},"sameAs":["https:\/\/www.linkedin.com\/in\/grupo-dafomex-45a9b2263\/"]}]}},"_links":{"self":[{"href":"https:\/\/dafomex.com\/index.php?rest_route=\/wp\/v2\/pages\/12505","targetHints":{"allow":["GET"]}}],"collection":[{"href":"https:\/\/dafomex.com\/index.php?rest_route=\/wp\/v2\/pages"}],"about":[{"href":"https:\/\/dafomex.com\/index.php?rest_route=\/wp\/v2\/types\/page"}],"author":[{"embeddable":true,"href":"https:\/\/dafomex.com\/index.php?rest_route=\/wp\/v2\/users\/1"}],"replies":[{"embeddable":true,"href":"https:\/\/dafomex.com\/index.php?rest_route=%2Fwp%2Fv2%2Fcomments&post=12505"}],"version-history":[{"count":4,"href":"https:\/\/dafomex.com\/index.php?rest_route=\/wp\/v2\/pages\/12505\/revisions"}],"predecessor-version":[{"id":987802,"href":"https:\/\/dafomex.com\/index.php?rest_route=\/wp\/v2\/pages\/12505\/revisions\/987802"}],"up":[{"embeddable":true,"href":"https:\/\/dafomex.com\/index.php?rest_route=\/wp\/v2\/pages\/12320"}],"wp:featuredmedia":[{"embeddable":true,"href":"https:\/\/dafomex.com\/index.php?rest_route=\/wp\/v2\/media\/987714"}],"wp:attachment":[{"href":"https:\/\/dafomex.com\/index.php?rest_route=%2Fwp%2Fv2%2Fmedia&parent=12505"}],"curies":[{"name":"wp","href":"https:\/\/api.w.org\/{rel}","templated":true}]}}