{"id":12507,"date":"2017-04-30T11:02:34","date_gmt":"2017-04-30T11:02:34","guid":{"rendered":"https:\/\/nex.vamtam.com\/?page_id=12507"},"modified":"2023-03-02T07:12:04","modified_gmt":"2023-03-02T07:12:04","slug":"bridge-construction","status":"publish","type":"page","link":"https:\/\/dafomex.com\/?page_id=12507","title":{"rendered":"FTTX"},"content":{"rendered":"<div class=\"vgblk-rw-wrapper limit-wrapper\">\n<h2>\n\tFTT\u200bX: La soluci\u00f3n en fibra \u00f3ptica<br \/><b> para hogares y empresas<\/b>\n\t<\/h2>\n<p>La tecnolog\u00eda FFTX (Fiber to the x) se ha vuelto cada vez m\u00e1s popular en el mundo de las telecomunicaciones. Con el aumento de la demanda de Internet de alta velocidad, el cableado de cobre tradicional simplemente ya no puede cumplir con los requisitos de los usuarios. FFTX es la soluci\u00f3n perfecta para hogares y empresas que buscan una conexi\u00f3n de alta velocidad y confiable.<\/p>\n<p>En Grupo Dafomex, contamos con una amplia gama de productos relacionados con FFTX. Nuestros <strong>cables drop FTTH<\/strong> son especialmente dise\u00f1ados para llegar directamente a las casas y edificios, y nuestro <strong>tensor pl\u00e1stico<\/strong> hace que la instalaci\u00f3n sea r\u00e1pida y f\u00e1cil. Adem\u00e1s, ofrecemos <strong>conectores prepulidos<\/strong> de alta calidad para garantizar una conexi\u00f3n confiable y de bajo costo.<\/p>\n<p>Las rosetas y los <strong>ONUGPON<\/strong> son tambi\u00e9n una parte esencial de nuestra oferta de FFTX. Nuestras <strong>rosetas<\/strong> est\u00e1n disponibles en una amplia variedad de colores y estilos para adaptarse a cualquier dise\u00f1o interior, mientras que nuestros ONUGPON son una soluci\u00f3n perfecta para empresas y proveedores de servicios que buscan una conexi\u00f3n de alta velocidad.<\/p>\n<p>Finalmente, nuestros <strong>cables UTP y conectores<\/strong> son perfectos para aquellos que desean una soluci\u00f3n m\u00e1s tradicional. Con una amplia variedad de longitudes y conectores, nuestros cables UTP ofrecen una conexi\u00f3n estable y de alta velocidad. En Grupo Dafomex, nos enorgullece ofrecer una soluci\u00f3n completa en FFTX con nuestros productos de alta calidad y precios competitivos.<\/p>\n<h2>\n\tProductos <br \/> <b>FTTX<\/b>\n\t<\/h2>\n\t\t\t\t\t\t\t<img decoding=\"async\" loading=\"lazy\" src=\"https:\/\/dafomex.com\/wp-content\/uploads\/2023\/03\/cable-drop-ftth.png\" alt=\"cable-drop-ftth\" itemprop=\"image\" height=\"800\" width=\"1500\" title=\"cable-drop-ftth\" onerror=\"this.style.display='none'\"  sizes=\"auto, (max-width: 768px) 100vw, 100vw\" srcset=\"data:image\/svg+xml;utf8,&lt;svg%20xmlns=&quot;http:\/\/www.w3.org\/2000\/svg&quot;%20viewBox=&quot;0%200%201500%20800&quot;%20height=&quot;800px&quot;%20width=&quot;1500px&quot;\/&gt;\" data-srcset=\"https:\/\/dafomex.com\/wp-content\/uploads\/2023\/03\/cable-drop-ftth.png 1500w, https:\/\/dafomex.com\/wp-content\/uploads\/2023\/03\/cable-drop-ftth-300x160.png 300w, https:\/\/dafomex.com\/wp-content\/uploads\/2023\/03\/cable-drop-ftth-1024x546.png 1024w, https:\/\/dafomex.com\/wp-content\/uploads\/2023\/03\/cable-drop-ftth-768x410.png 768w, https:\/\/dafomex.com\/wp-content\/uploads\/2023\/03\/cable-drop-ftth-1400x747.png 1400w, https:\/\/dafomex.com\/wp-content\/uploads\/2023\/03\/cable-drop-ftth-700x373.png 700w, https:\/\/dafomex.com\/wp-content\/uploads\/2023\/03\/cable-drop-ftth-466x249.png 466w, https:\/\/dafomex.com\/wp-content\/uploads\/2023\/03\/cable-drop-ftth-933x498.png 933w, https:\/\/dafomex.com\/wp-content\/uploads\/2023\/03\/cable-drop-ftth-350x187.png 350w\" \/>\t\t\t\t\t\t\t\n<h4>\n\tDROP FTTH\n\t<\/h4>\n\t<p>Entrega los servicios FTTX en la \u00faltima milla con cables insensibles a la curvatura de gran rendimiento, disponibles en 1 y 2 hilos.<\/p>\n\t\t\t\t\t\t\t<img decoding=\"async\" loading=\"lazy\" src=\"https:\/\/dafomex.com\/wp-content\/uploads\/2023\/03\/tensor-plastico.png\" alt=\"tensor-plastico\" itemprop=\"image\" height=\"800\" width=\"1500\" title=\"tensor-plastico\" onerror=\"this.style.display='none'\"  sizes=\"auto, (max-width: 768px) 100vw, 100vw\" srcset=\"data:image\/svg+xml;utf8,&lt;svg%20xmlns=&quot;http:\/\/www.w3.org\/2000\/svg&quot;%20viewBox=&quot;0%200%201500%20800&quot;%20height=&quot;800px&quot;%20width=&quot;1500px&quot;\/&gt;\" data-srcset=\"https:\/\/dafomex.com\/wp-content\/uploads\/2023\/03\/tensor-plastico.png 1500w, https:\/\/dafomex.com\/wp-content\/uploads\/2023\/03\/tensor-plastico-300x160.png 300w, https:\/\/dafomex.com\/wp-content\/uploads\/2023\/03\/tensor-plastico-1024x546.png 1024w, https:\/\/dafomex.com\/wp-content\/uploads\/2023\/03\/tensor-plastico-768x410.png 768w, https:\/\/dafomex.com\/wp-content\/uploads\/2023\/03\/tensor-plastico-1400x747.png 1400w, https:\/\/dafomex.com\/wp-content\/uploads\/2023\/03\/tensor-plastico-700x373.png 700w, https:\/\/dafomex.com\/wp-content\/uploads\/2023\/03\/tensor-plastico-466x249.png 466w, https:\/\/dafomex.com\/wp-content\/uploads\/2023\/03\/tensor-plastico-933x498.png 933w, https:\/\/dafomex.com\/wp-content\/uploads\/2023\/03\/tensor-plastico-350x187.png 350w\" \/>\t\t\t\t\t\t\t\n<h4>\n\tTENSOR PL\u00c1STICO\n\t<\/h4>\n\t<p>Herraje de tensi\u00f3n para los cables drop de acometida que llegan hasta el usuario final.<\/p>\n\t\t\t\t\t\t\t<img decoding=\"async\" loading=\"lazy\" src=\"https:\/\/dafomex.com\/wp-content\/uploads\/2023\/03\/conector-prepulido.png\" alt=\"conector-prepulido\" itemprop=\"image\" height=\"800\" width=\"1500\" title=\"conector-prepulido\" onerror=\"this.style.display='none'\"  sizes=\"auto, (max-width: 768px) 100vw, 100vw\" srcset=\"data:image\/svg+xml;utf8,&lt;svg%20xmlns=&quot;http:\/\/www.w3.org\/2000\/svg&quot;%20viewBox=&quot;0%200%201500%20800&quot;%20height=&quot;800px&quot;%20width=&quot;1500px&quot;\/&gt;\" data-srcset=\"https:\/\/dafomex.com\/wp-content\/uploads\/2023\/03\/conector-prepulido.png 1500w, https:\/\/dafomex.com\/wp-content\/uploads\/2023\/03\/conector-prepulido-300x160.png 300w, https:\/\/dafomex.com\/wp-content\/uploads\/2023\/03\/conector-prepulido-1024x546.png 1024w, https:\/\/dafomex.com\/wp-content\/uploads\/2023\/03\/conector-prepulido-768x410.png 768w, https:\/\/dafomex.com\/wp-content\/uploads\/2023\/03\/conector-prepulido-1400x747.png 1400w, https:\/\/dafomex.com\/wp-content\/uploads\/2023\/03\/conector-prepulido-700x373.png 700w, https:\/\/dafomex.com\/wp-content\/uploads\/2023\/03\/conector-prepulido-466x249.png 466w, https:\/\/dafomex.com\/wp-content\/uploads\/2023\/03\/conector-prepulido-933x498.png 933w, https:\/\/dafomex.com\/wp-content\/uploads\/2023\/03\/conector-prepulido-350x187.png 350w\" \/>\t\t\t\t\t\t\t\n<h4>\n\tCONECTOR PREPULIDO\n\t<\/h4>\n\t<p>El conector mec\u00e1nico ensambla el cable de fibra \u00f3ptica sin necesidad de realizar empalmes y permite su interconexi\u00f3n en diferentes puntos.<\/p>\n\t\t\t\t\t\t\t<img decoding=\"async\" loading=\"lazy\" src=\"https:\/\/dafomex.com\/wp-content\/uploads\/2023\/03\/roseta.png\" alt=\"roseta\" itemprop=\"image\" height=\"800\" width=\"1500\" title=\"roseta\" onerror=\"this.style.display='none'\"  sizes=\"auto, (max-width: 768px) 100vw, 100vw\" srcset=\"data:image\/svg+xml;utf8,&lt;svg%20xmlns=&quot;http:\/\/www.w3.org\/2000\/svg&quot;%20viewBox=&quot;0%200%201500%20800&quot;%20height=&quot;800px&quot;%20width=&quot;1500px&quot;\/&gt;\" data-srcset=\"https:\/\/dafomex.com\/wp-content\/uploads\/2023\/03\/roseta.png 1500w, https:\/\/dafomex.com\/wp-content\/uploads\/2023\/03\/roseta-300x160.png 300w, https:\/\/dafomex.com\/wp-content\/uploads\/2023\/03\/roseta-1024x546.png 1024w, https:\/\/dafomex.com\/wp-content\/uploads\/2023\/03\/roseta-768x410.png 768w, https:\/\/dafomex.com\/wp-content\/uploads\/2023\/03\/roseta-1400x747.png 1400w, https:\/\/dafomex.com\/wp-content\/uploads\/2023\/03\/roseta-700x373.png 700w, https:\/\/dafomex.com\/wp-content\/uploads\/2023\/03\/roseta-466x249.png 466w, https:\/\/dafomex.com\/wp-content\/uploads\/2023\/03\/roseta-933x498.png 933w, https:\/\/dafomex.com\/wp-content\/uploads\/2023\/03\/roseta-350x187.png 350w\" \/>\t\t\t\t\t\t\t\n<h4>\n\tROSETA\n\t<\/h4>\n\t<p>Representa el \u00faltimo punto de conexi\u00f3n en FTTH para resguardar los conectores de fibra \u00f3ptica que llegan hasta la ONT.<\/p>\n\t\t\t\t\t\t\t<img decoding=\"async\" loading=\"lazy\" src=\"https:\/\/dafomex.com\/wp-content\/uploads\/2023\/03\/onu-gpon.png\" alt=\"onu-gpon\" itemprop=\"image\" height=\"800\" width=\"1500\" title=\"onu-gpon\" onerror=\"this.style.display='none'\"  sizes=\"auto, (max-width: 768px) 100vw, 100vw\" srcset=\"data:image\/svg+xml;utf8,&lt;svg%20xmlns=&quot;http:\/\/www.w3.org\/2000\/svg&quot;%20viewBox=&quot;0%200%201500%20800&quot;%20height=&quot;800px&quot;%20width=&quot;1500px&quot;\/&gt;\" data-srcset=\"https:\/\/dafomex.com\/wp-content\/uploads\/2023\/03\/onu-gpon.png 1500w, https:\/\/dafomex.com\/wp-content\/uploads\/2023\/03\/onu-gpon-300x160.png 300w, https:\/\/dafomex.com\/wp-content\/uploads\/2023\/03\/onu-gpon-1024x546.png 1024w, https:\/\/dafomex.com\/wp-content\/uploads\/2023\/03\/onu-gpon-768x410.png 768w, https:\/\/dafomex.com\/wp-content\/uploads\/2023\/03\/onu-gpon-1400x747.png 1400w, https:\/\/dafomex.com\/wp-content\/uploads\/2023\/03\/onu-gpon-700x373.png 700w, https:\/\/dafomex.com\/wp-content\/uploads\/2023\/03\/onu-gpon-466x249.png 466w, https:\/\/dafomex.com\/wp-content\/uploads\/2023\/03\/onu-gpon-933x498.png 933w, https:\/\/dafomex.com\/wp-content\/uploads\/2023\/03\/onu-gpon-350x187.png 350w\" \/>\t\t\t\t\t\t\t\n<h4>\n\tONU GPON\n\t<\/h4>\n\t<p>Convierte la se\u00f1al \u00f3ptica en el\u00e9ctrica y codifica la informaci\u00f3n para entregar servicios en FTTH como internet, televisi\u00f3n por cable y tel\u00e9fono.<\/p>\n\t\t\t\t\t\t\t<img decoding=\"async\" loading=\"lazy\" src=\"https:\/\/dafomex.com\/wp-content\/uploads\/2023\/03\/cable-utp-y-conectores.png\" alt=\"cable-utp-y-conectores\" itemprop=\"image\" height=\"800\" width=\"1500\" title=\"cable-utp-y-conectores\" onerror=\"this.style.display='none'\"  sizes=\"auto, (max-width: 768px) 100vw, 100vw\" srcset=\"data:image\/svg+xml;utf8,&lt;svg%20xmlns=&quot;http:\/\/www.w3.org\/2000\/svg&quot;%20viewBox=&quot;0%200%201500%20800&quot;%20height=&quot;800px&quot;%20width=&quot;1500px&quot;\/&gt;\" data-srcset=\"https:\/\/dafomex.com\/wp-content\/uploads\/2023\/03\/cable-utp-y-conectores.png 1500w, https:\/\/dafomex.com\/wp-content\/uploads\/2023\/03\/cable-utp-y-conectores-300x160.png 300w, https:\/\/dafomex.com\/wp-content\/uploads\/2023\/03\/cable-utp-y-conectores-1024x546.png 1024w, https:\/\/dafomex.com\/wp-content\/uploads\/2023\/03\/cable-utp-y-conectores-768x410.png 768w, https:\/\/dafomex.com\/wp-content\/uploads\/2023\/03\/cable-utp-y-conectores-1400x747.png 1400w, https:\/\/dafomex.com\/wp-content\/uploads\/2023\/03\/cable-utp-y-conectores-700x373.png 700w, https:\/\/dafomex.com\/wp-content\/uploads\/2023\/03\/cable-utp-y-conectores-466x249.png 466w, https:\/\/dafomex.com\/wp-content\/uploads\/2023\/03\/cable-utp-y-conectores-933x498.png 933w, https:\/\/dafomex.com\/wp-content\/uploads\/2023\/03\/cable-utp-y-conectores-350x187.png 350w\" \/>\t\t\t\t\t\t\t\n<h4>\n\tCABLE UTP Y CONECTORES\n\t<\/h4>\n\t<p>Conexiones de cobre para redes LAN en diferentes categor\u00edas y conectores.<\/p>\n\n<\/div><!-- .vgblk-rw-wrapper -->","protected":false},"excerpt":{"rendered":"<p>FTT\u200bX: La soluci\u00f3n en fibra \u00f3ptica para hogares y empresas La tecnolog\u00eda FFTX (Fiber to the x) se ha vuelto cada vez m\u00e1s popular en el mundo de las telecomunicaciones. Con el aumento de la demanda de Internet de alta velocidad, el cableado de cobre tradicional simplemente ya no puede cumplir con los requisitos de&#8230;<\/p>\n","protected":false},"author":1,"featured_media":987713,"parent":12320,"menu_order":0,"comment_status":"closed","ping_status":"closed","template":"","meta":{"inline_featured_image":false,"_monsterinsights_skip_tracking":false,"_monsterinsights_sitenote_active":false,"_monsterinsights_sitenote_note":"","_monsterinsights_sitenote_category":0,"footnotes":""},"class_list":["post-12507","page","type-page","status-publish","has-post-thumbnail","hentry"],"yoast_head":"<!-- This site is optimized with the Yoast SEO plugin v27.1.1 - https:\/\/yoast.com\/product\/yoast-seo-wordpress\/ -->\n<title>FTTX - Dafomex<\/title>\n<meta name=\"robots\" content=\"index, follow, max-snippet:-1, max-image-preview:large, max-video-preview:-1\" \/>\n<link rel=\"canonical\" href=\"https:\/\/dafomex.com\/?page_id=12507\" \/>\n<meta property=\"og:locale\" content=\"en_US\" \/>\n<meta property=\"og:type\" content=\"article\" \/>\n<meta property=\"og:title\" content=\"FTTX - Dafomex\" \/>\n<meta property=\"og:description\" content=\"FTT\u200bX: La soluci\u00f3n en fibra \u00f3ptica para hogares y empresas La tecnolog\u00eda FFTX (Fiber to the x) se ha vuelto cada vez m\u00e1s popular en el mundo de las telecomunicaciones. Con el aumento de la demanda de Internet de alta velocidad, el cableado de cobre tradicional simplemente ya no puede cumplir con los requisitos de...\" \/>\n<meta property=\"og:url\" content=\"https:\/\/dafomex.com\/?page_id=12507\" \/>\n<meta property=\"og:site_name\" content=\"Dafomex\" \/>\n<meta property=\"article:modified_time\" content=\"2023-03-02T07:12:04+00:00\" \/>\n<meta property=\"og:image\" content=\"https:\/\/dafomex.com\/wp-content\/uploads\/2023\/02\/Bobinas-FO.png\" \/>\n\t<meta property=\"og:image:width\" content=\"1500\" \/>\n\t<meta property=\"og:image:height\" content=\"800\" \/>\n\t<meta property=\"og:image:type\" content=\"image\/png\" \/>\n<meta name=\"twitter:card\" content=\"summary_large_image\" \/>\n<meta name=\"twitter:label1\" content=\"Est. reading time\" \/>\n\t<meta name=\"twitter:data1\" content=\"2 minutes\" \/>\n<script type=\"application\/ld+json\" class=\"yoast-schema-graph\">{\"@context\":\"https:\/\/schema.org\",\"@graph\":[{\"@type\":\"WebPage\",\"@id\":\"https:\/\/dafomex.com\/?page_id=12507\",\"url\":\"https:\/\/dafomex.com\/?page_id=12507\",\"name\":\"FTTX - Dafomex\",\"isPartOf\":{\"@id\":\"https:\/\/dafomex.com\/#website\"},\"primaryImageOfPage\":{\"@id\":\"https:\/\/dafomex.com\/?page_id=12507#primaryimage\"},\"image\":{\"@id\":\"https:\/\/dafomex.com\/?page_id=12507#primaryimage\"},\"thumbnailUrl\":\"https:\/\/dafomex.com\/wp-content\/uploads\/2023\/02\/Bobinas-FO.png\",\"datePublished\":\"2017-04-30T11:02:34+00:00\",\"dateModified\":\"2023-03-02T07:12:04+00:00\",\"breadcrumb\":{\"@id\":\"https:\/\/dafomex.com\/?page_id=12507#breadcrumb\"},\"inLanguage\":\"en-US\",\"potentialAction\":[{\"@type\":\"ReadAction\",\"target\":[\"https:\/\/dafomex.com\/?page_id=12507\"]}]},{\"@type\":\"ImageObject\",\"inLanguage\":\"en-US\",\"@id\":\"https:\/\/dafomex.com\/?page_id=12507#primaryimage\",\"url\":\"https:\/\/dafomex.com\/wp-content\/uploads\/2023\/02\/Bobinas-FO.png\",\"contentUrl\":\"https:\/\/dafomex.com\/wp-content\/uploads\/2023\/02\/Bobinas-FO.png\",\"width\":1500,\"height\":800},{\"@type\":\"BreadcrumbList\",\"@id\":\"https:\/\/dafomex.com\/?page_id=12507#breadcrumb\",\"itemListElement\":[{\"@type\":\"ListItem\",\"position\":1,\"name\":\"Home\",\"item\":\"https:\/\/dafomex.com\/\"},{\"@type\":\"ListItem\",\"position\":2,\"name\":\"Industries Served\",\"item\":\"https:\/\/dafomex.com\/?page_id=12320\"},{\"@type\":\"ListItem\",\"position\":3,\"name\":\"FTTX\"}]},{\"@type\":\"WebSite\",\"@id\":\"https:\/\/dafomex.com\/#website\",\"url\":\"https:\/\/dafomex.com\/\",\"name\":\"Dafomex\",\"description\":\"\",\"publisher\":{\"@id\":\"https:\/\/dafomex.com\/#organization\"},\"potentialAction\":[{\"@type\":\"SearchAction\",\"target\":{\"@type\":\"EntryPoint\",\"urlTemplate\":\"https:\/\/dafomex.com\/?s={search_term_string}\"},\"query-input\":{\"@type\":\"PropertyValueSpecification\",\"valueRequired\":true,\"valueName\":\"search_term_string\"}}],\"inLanguage\":\"en-US\"},{\"@type\":\"Organization\",\"@id\":\"https:\/\/dafomex.com\/#organization\",\"name\":\"Dafomex\",\"url\":\"https:\/\/dafomex.com\/\",\"logo\":{\"@type\":\"ImageObject\",\"inLanguage\":\"en-US\",\"@id\":\"https:\/\/dafomex.com\/#\/schema\/logo\/image\/\",\"url\":\"https:\/\/dafomex.com\/wp-content\/uploads\/2023\/09\/dafomexlogo150max.jpg\",\"contentUrl\":\"https:\/\/dafomex.com\/wp-content\/uploads\/2023\/09\/dafomexlogo150max.jpg\",\"width\":150,\"height\":150,\"caption\":\"Dafomex\"},\"image\":{\"@id\":\"https:\/\/dafomex.com\/#\/schema\/logo\/image\/\"},\"sameAs\":[\"https:\/\/www.linkedin.com\/in\/grupo-dafomex-45a9b2263\/\"]}]}<\/script>\n<!-- \/ Yoast SEO plugin. -->","yoast_head_json":{"title":"FTTX - Dafomex","robots":{"index":"index","follow":"follow","max-snippet":"max-snippet:-1","max-image-preview":"max-image-preview:large","max-video-preview":"max-video-preview:-1"},"canonical":"https:\/\/dafomex.com\/?page_id=12507","og_locale":"en_US","og_type":"article","og_title":"FTTX - Dafomex","og_description":"FTT\u200bX: La soluci\u00f3n en fibra \u00f3ptica para hogares y empresas La tecnolog\u00eda FFTX (Fiber to the x) se ha vuelto cada vez m\u00e1s popular en el mundo de las telecomunicaciones. Con el aumento de la demanda de Internet de alta velocidad, el cableado de cobre tradicional simplemente ya no puede cumplir con los requisitos de...","og_url":"https:\/\/dafomex.com\/?page_id=12507","og_site_name":"Dafomex","article_modified_time":"2023-03-02T07:12:04+00:00","og_image":[{"width":1500,"height":800,"url":"https:\/\/dafomex.com\/wp-content\/uploads\/2023\/02\/Bobinas-FO.png","type":"image\/png"}],"twitter_card":"summary_large_image","twitter_misc":{"Est. reading time":"2 minutes"},"schema":{"@context":"https:\/\/schema.org","@graph":[{"@type":"WebPage","@id":"https:\/\/dafomex.com\/?page_id=12507","url":"https:\/\/dafomex.com\/?page_id=12507","name":"FTTX - Dafomex","isPartOf":{"@id":"https:\/\/dafomex.com\/#website"},"primaryImageOfPage":{"@id":"https:\/\/dafomex.com\/?page_id=12507#primaryimage"},"image":{"@id":"https:\/\/dafomex.com\/?page_id=12507#primaryimage"},"thumbnailUrl":"https:\/\/dafomex.com\/wp-content\/uploads\/2023\/02\/Bobinas-FO.png","datePublished":"2017-04-30T11:02:34+00:00","dateModified":"2023-03-02T07:12:04+00:00","breadcrumb":{"@id":"https:\/\/dafomex.com\/?page_id=12507#breadcrumb"},"inLanguage":"en-US","potentialAction":[{"@type":"ReadAction","target":["https:\/\/dafomex.com\/?page_id=12507"]}]},{"@type":"ImageObject","inLanguage":"en-US","@id":"https:\/\/dafomex.com\/?page_id=12507#primaryimage","url":"https:\/\/dafomex.com\/wp-content\/uploads\/2023\/02\/Bobinas-FO.png","contentUrl":"https:\/\/dafomex.com\/wp-content\/uploads\/2023\/02\/Bobinas-FO.png","width":1500,"height":800},{"@type":"BreadcrumbList","@id":"https:\/\/dafomex.com\/?page_id=12507#breadcrumb","itemListElement":[{"@type":"ListItem","position":1,"name":"Home","item":"https:\/\/dafomex.com\/"},{"@type":"ListItem","position":2,"name":"Industries Served","item":"https:\/\/dafomex.com\/?page_id=12320"},{"@type":"ListItem","position":3,"name":"FTTX"}]},{"@type":"WebSite","@id":"https:\/\/dafomex.com\/#website","url":"https:\/\/dafomex.com\/","name":"Dafomex","description":"","publisher":{"@id":"https:\/\/dafomex.com\/#organization"},"potentialAction":[{"@type":"SearchAction","target":{"@type":"EntryPoint","urlTemplate":"https:\/\/dafomex.com\/?s={search_term_string}"},"query-input":{"@type":"PropertyValueSpecification","valueRequired":true,"valueName":"search_term_string"}}],"inLanguage":"en-US"},{"@type":"Organization","@id":"https:\/\/dafomex.com\/#organization","name":"Dafomex","url":"https:\/\/dafomex.com\/","logo":{"@type":"ImageObject","inLanguage":"en-US","@id":"https:\/\/dafomex.com\/#\/schema\/logo\/image\/","url":"https:\/\/dafomex.com\/wp-content\/uploads\/2023\/09\/dafomexlogo150max.jpg","contentUrl":"https:\/\/dafomex.com\/wp-content\/uploads\/2023\/09\/dafomexlogo150max.jpg","width":150,"height":150,"caption":"Dafomex"},"image":{"@id":"https:\/\/dafomex.com\/#\/schema\/logo\/image\/"},"sameAs":["https:\/\/www.linkedin.com\/in\/grupo-dafomex-45a9b2263\/"]}]}},"_links":{"self":[{"href":"https:\/\/dafomex.com\/index.php?rest_route=\/wp\/v2\/pages\/12507","targetHints":{"allow":["GET"]}}],"collection":[{"href":"https:\/\/dafomex.com\/index.php?rest_route=\/wp\/v2\/pages"}],"about":[{"href":"https:\/\/dafomex.com\/index.php?rest_route=\/wp\/v2\/types\/page"}],"author":[{"embeddable":true,"href":"https:\/\/dafomex.com\/index.php?rest_route=\/wp\/v2\/users\/1"}],"replies":[{"embeddable":true,"href":"https:\/\/dafomex.com\/index.php?rest_route=%2Fwp%2Fv2%2Fcomments&post=12507"}],"version-history":[{"count":5,"href":"https:\/\/dafomex.com\/index.php?rest_route=\/wp\/v2\/pages\/12507\/revisions"}],"predecessor-version":[{"id":987809,"href":"https:\/\/dafomex.com\/index.php?rest_route=\/wp\/v2\/pages\/12507\/revisions\/987809"}],"up":[{"embeddable":true,"href":"https:\/\/dafomex.com\/index.php?rest_route=\/wp\/v2\/pages\/12320"}],"wp:featuredmedia":[{"embeddable":true,"href":"https:\/\/dafomex.com\/index.php?rest_route=\/wp\/v2\/media\/987713"}],"wp:attachment":[{"href":"https:\/\/dafomex.com\/index.php?rest_route=%2Fwp%2Fv2%2Fmedia&parent=12507"}],"curies":[{"name":"wp","href":"https:\/\/api.w.org\/{rel}","templated":true}]}}