{"id":12703,"date":"2017-05-08T17:40:04","date_gmt":"2017-05-08T17:40:04","guid":{"rendered":"https:\/\/nex.vamtam.com\/?page_id=12703"},"modified":"2023-09-07T19:37:45","modified_gmt":"2023-09-07T19:37:45","slug":"oil-gas-energy","status":"publish","type":"page","link":"https:\/\/dafomex.com\/?page_id=12703","title":{"rendered":"Equipo Para Construcci\u00f3n y Mantenimiento"},"content":{"rendered":"<div class=\"vgblk-rw-wrapper limit-wrapper\">\n<h2>\n\tHerramientas y equipos para construcci\u00f3n<br><b>y mantenimiento de redes de telecomunicaciones<\/b>\n\t<\/h2>\n\t<p>En la construcci\u00f3n y mantenimiento de redes de telecomunicaciones, la calidad de las herramientas y equipos utilizados es crucial para garantizar la eficiencia y fiabilidad de la red. En Grupo Dafomex ofrecemos una amplia variedad de herramientas y equipos especializados para satisfacer las necesidades de nuestros clientes.<\/p>\n<p>Entre nuestros productos se encuentran los <strong>kits de herramientas<\/strong> para instalaci\u00f3n y mantenimiento de fibra \u00f3ptica, los cuales incluyen <strong>empalmadoras, cortadoras, peladoras, medidores de potencia y herramientas de limpieza<\/strong>. Estos kits han sido dise\u00f1ados para garantizar una instalaci\u00f3n y mantenimiento precisos y eficientes de la red.<\/p>\n<p>Tambi\u00e9n ofrecemos empalmadoras de alta precisi\u00f3n para fibra \u00f3ptica, que garantizan una uni\u00f3n perfecta y sin p\u00e9rdidas de se\u00f1al, y equipos de medici\u00f3n de alta precisi\u00f3n para verificar la calidad de la red. Todos nuestros productos son de alta calidad y est\u00e1n respaldados por garant\u00edas de calidad y soporte t\u00e9cnico.<\/p>\n<p>En Grupo Dafomex entendemos la importancia de contar con herramientas y equipos de alta calidad para garantizar la eficiencia y fiabilidad de la red de telecomunicaciones. Cont\u00e1ctanos y descubre c\u00f3mo podemos ayudarte a construir y mantener una red de telecomunicaciones de calidad con nuestras herramientas y equipos especializados.<\/p>\n<h2>\n\tProductos <br> <b>Construcci\u00f3n y mantenimiento<\/b>\n\t<\/h2>\n\t\t\t\t\t\t\t<img decoding=\"async\" loading=\"lazy\" src=\"https:\/\/dafomex.com\/wp-content\/uploads\/2023\/03\/kits-de-herramientas.png\" alt=\"kits-de-herramientas\" itemprop=\"image\" height=\"800\" width=\"1500\" title=\"kits-de-herramientas\" onerror=\"this.style.display='none'\" sizes=\"(max-width: 768px) 100vw, 100vw\" srcset=\"data:image\/svg+xml;utf8,<svg%20xmlns=&quot;http:\/\/www.w3.org\/2000\/svg&quot;%20viewBox=&quot;0%200%201500%20800&quot;%20height=&quot;800px&quot;%20width=&quot;1500px&quot;\/>&#8221; data-srcset=&#8221;https:\/\/dafomex.com\/wp-content\/uploads\/2023\/03\/kits-de-herramientas.png 1500w, https:\/\/dafomex.com\/wp-content\/uploads\/2023\/03\/kits-de-herramientas-300&#215;160.png 300w, https:\/\/dafomex.com\/wp-content\/uploads\/2023\/03\/kits-de-herramientas-1024&#215;546.png 1024w, https:\/\/dafomex.com\/wp-content\/uploads\/2023\/03\/kits-de-herramientas-768&#215;410.png 768w, https:\/\/dafomex.com\/wp-content\/uploads\/2023\/03\/kits-de-herramientas-1400&#215;747.png 1400w, https:\/\/dafomex.com\/wp-content\/uploads\/2023\/03\/kits-de-herramientas-700&#215;373.png 700w, https:\/\/dafomex.com\/wp-content\/uploads\/2023\/03\/kits-de-herramientas-466&#215;249.png 466w, https:\/\/dafomex.com\/wp-content\/uploads\/2023\/03\/kits-de-herramientas-933&#215;498.png 933w, https:\/\/dafomex.com\/wp-content\/uploads\/2023\/03\/kits-de-herramientas-350&#215;187.png 350w&#8221;>\t\t\t\t\t\t\t\n<h4>\n\tKITS DE HERRAMIENTAS\n\t<\/h4>\n\t<p>Conjunto de herramientas necesarias para la construcci\u00f3n, mantenimiento y pruebas de las redes de fibra \u00f3ptica.<\/p>\n\t\t\t\t\t\t\t<img decoding=\"async\" loading=\"lazy\" src=\"https:\/\/dafomex.com\/wp-content\/uploads\/2023\/03\/empalmadora.png\" alt=\"empalmadora\" itemprop=\"image\" height=\"800\" width=\"1500\" title=\"empalmadora\" onerror=\"this.style.display='none'\" sizes=\"(max-width: 768px) 100vw, 100vw\" srcset=\"data:image\/svg+xml;utf8,<svg%20xmlns=&quot;http:\/\/www.w3.org\/2000\/svg&quot;%20viewBox=&quot;0%200%201500%20800&quot;%20height=&quot;800px&quot;%20width=&quot;1500px&quot;\/>&#8221; data-srcset=&#8221;https:\/\/dafomex.com\/wp-content\/uploads\/2023\/03\/empalmadora.png 1500w, https:\/\/dafomex.com\/wp-content\/uploads\/2023\/03\/empalmadora-300&#215;160.png 300w, https:\/\/dafomex.com\/wp-content\/uploads\/2023\/03\/empalmadora-1024&#215;546.png 1024w, https:\/\/dafomex.com\/wp-content\/uploads\/2023\/03\/empalmadora-768&#215;410.png 768w, https:\/\/dafomex.com\/wp-content\/uploads\/2023\/03\/empalmadora-1400&#215;747.png 1400w, https:\/\/dafomex.com\/wp-content\/uploads\/2023\/03\/empalmadora-700&#215;373.png 700w, https:\/\/dafomex.com\/wp-content\/uploads\/2023\/03\/empalmadora-466&#215;249.png 466w, https:\/\/dafomex.com\/wp-content\/uploads\/2023\/03\/empalmadora-933&#215;498.png 933w, https:\/\/dafomex.com\/wp-content\/uploads\/2023\/03\/empalmadora-350&#215;187.png 350w&#8221;>\t\t\t\t\t\t\t\n<h4>\n\tEMPALMADORA\n\t<\/h4>\n\t<p>Instrumento de construcci\u00f3n de fibra \u00f3ptica preciso, duradero y conveniente especialmente dise\u00f1ado para la instalaci\u00f3n, operaci\u00f3n y mantenimiento de la red de fibra \u00f3ptica.<\/p>\n<\/div><!-- .vgblk-rw-wrapper -->","protected":false},"excerpt":{"rendered":"<p>Herramientas y equipos para construcci\u00f3ny mantenimiento de redes de telecomunicaciones En la construcci\u00f3n y mantenimiento de redes de telecomunicaciones, la calidad de las herramientas y equipos utilizados es crucial para garantizar la eficiencia y fiabilidad de la red. En Grupo Dafomex ofrecemos una amplia variedad de herramientas y equipos especializados para satisfacer las necesidades de&#8230;<\/p>\n","protected":false},"author":1,"featured_media":987686,"parent":12320,"menu_order":0,"comment_status":"closed","ping_status":"closed","template":"","meta":{"inline_featured_image":false,"_monsterinsights_skip_tracking":false,"_monsterinsights_sitenote_active":false,"_monsterinsights_sitenote_note":"","_monsterinsights_sitenote_category":0,"footnotes":""},"class_list":["post-12703","page","type-page","status-publish","has-post-thumbnail","hentry"],"yoast_head":"<!-- This site is optimized with the Yoast SEO plugin v27.1.1 - https:\/\/yoast.com\/product\/yoast-seo-wordpress\/ -->\n<title>Equipo Para Construcci\u00f3n y Mantenimiento - Dafomex<\/title>\n<meta name=\"robots\" content=\"index, follow, max-snippet:-1, max-image-preview:large, max-video-preview:-1\" \/>\n<link rel=\"canonical\" href=\"https:\/\/dafomex.com\/?page_id=12703\" \/>\n<meta property=\"og:locale\" content=\"en_US\" \/>\n<meta property=\"og:type\" content=\"article\" \/>\n<meta property=\"og:title\" content=\"Equipo Para Construcci\u00f3n y Mantenimiento - Dafomex\" \/>\n<meta property=\"og:description\" content=\"Herramientas y equipos para construcci\u00f3ny mantenimiento de redes de telecomunicaciones En la construcci\u00f3n y mantenimiento de redes de telecomunicaciones, la calidad de las herramientas y equipos utilizados es crucial para garantizar la eficiencia y fiabilidad de la red. En Grupo Dafomex ofrecemos una amplia variedad de herramientas y equipos especializados para satisfacer las necesidades de...\" \/>\n<meta property=\"og:url\" content=\"https:\/\/dafomex.com\/?page_id=12703\" \/>\n<meta property=\"og:site_name\" content=\"Dafomex\" \/>\n<meta property=\"article:modified_time\" content=\"2023-09-07T19:37:45+00:00\" \/>\n<meta property=\"og:image\" content=\"https:\/\/dafomex.com\/wp-content\/uploads\/2023\/02\/WhatsApp-Image-2023-02-15-at-18.08.21.jpeg\" \/>\n\t<meta property=\"og:image:width\" content=\"1500\" \/>\n\t<meta property=\"og:image:height\" content=\"800\" \/>\n\t<meta property=\"og:image:type\" content=\"image\/jpeg\" \/>\n<meta name=\"twitter:card\" content=\"summary_large_image\" \/>\n<meta name=\"twitter:label1\" content=\"Est. reading time\" \/>\n\t<meta name=\"twitter:data1\" content=\"2 minutes\" \/>\n<script type=\"application\/ld+json\" class=\"yoast-schema-graph\">{\"@context\":\"https:\/\/schema.org\",\"@graph\":[{\"@type\":\"WebPage\",\"@id\":\"https:\/\/dafomex.com\/?page_id=12703\",\"url\":\"https:\/\/dafomex.com\/?page_id=12703\",\"name\":\"Equipo Para Construcci\u00f3n y Mantenimiento - Dafomex\",\"isPartOf\":{\"@id\":\"https:\/\/dafomex.com\/#website\"},\"primaryImageOfPage\":{\"@id\":\"https:\/\/dafomex.com\/?page_id=12703#primaryimage\"},\"image\":{\"@id\":\"https:\/\/dafomex.com\/?page_id=12703#primaryimage\"},\"thumbnailUrl\":\"https:\/\/dafomex.com\/wp-content\/uploads\/2023\/02\/WhatsApp-Image-2023-02-15-at-18.08.21.jpeg\",\"datePublished\":\"2017-05-08T17:40:04+00:00\",\"dateModified\":\"2023-09-07T19:37:45+00:00\",\"breadcrumb\":{\"@id\":\"https:\/\/dafomex.com\/?page_id=12703#breadcrumb\"},\"inLanguage\":\"en-US\",\"potentialAction\":[{\"@type\":\"ReadAction\",\"target\":[\"https:\/\/dafomex.com\/?page_id=12703\"]}]},{\"@type\":\"ImageObject\",\"inLanguage\":\"en-US\",\"@id\":\"https:\/\/dafomex.com\/?page_id=12703#primaryimage\",\"url\":\"https:\/\/dafomex.com\/wp-content\/uploads\/2023\/02\/WhatsApp-Image-2023-02-15-at-18.08.21.jpeg\",\"contentUrl\":\"https:\/\/dafomex.com\/wp-content\/uploads\/2023\/02\/WhatsApp-Image-2023-02-15-at-18.08.21.jpeg\",\"width\":1500,\"height\":800},{\"@type\":\"BreadcrumbList\",\"@id\":\"https:\/\/dafomex.com\/?page_id=12703#breadcrumb\",\"itemListElement\":[{\"@type\":\"ListItem\",\"position\":1,\"name\":\"Home\",\"item\":\"https:\/\/dafomex.com\/\"},{\"@type\":\"ListItem\",\"position\":2,\"name\":\"Industries Served\",\"item\":\"https:\/\/dafomex.com\/?page_id=12320\"},{\"@type\":\"ListItem\",\"position\":3,\"name\":\"Equipo Para Construcci\u00f3n y Mantenimiento\"}]},{\"@type\":\"WebSite\",\"@id\":\"https:\/\/dafomex.com\/#website\",\"url\":\"https:\/\/dafomex.com\/\",\"name\":\"Dafomex\",\"description\":\"\",\"publisher\":{\"@id\":\"https:\/\/dafomex.com\/#organization\"},\"potentialAction\":[{\"@type\":\"SearchAction\",\"target\":{\"@type\":\"EntryPoint\",\"urlTemplate\":\"https:\/\/dafomex.com\/?s={search_term_string}\"},\"query-input\":{\"@type\":\"PropertyValueSpecification\",\"valueRequired\":true,\"valueName\":\"search_term_string\"}}],\"inLanguage\":\"en-US\"},{\"@type\":\"Organization\",\"@id\":\"https:\/\/dafomex.com\/#organization\",\"name\":\"Dafomex\",\"url\":\"https:\/\/dafomex.com\/\",\"logo\":{\"@type\":\"ImageObject\",\"inLanguage\":\"en-US\",\"@id\":\"https:\/\/dafomex.com\/#\/schema\/logo\/image\/\",\"url\":\"https:\/\/dafomex.com\/wp-content\/uploads\/2023\/09\/dafomexlogo150max.jpg\",\"contentUrl\":\"https:\/\/dafomex.com\/wp-content\/uploads\/2023\/09\/dafomexlogo150max.jpg\",\"width\":150,\"height\":150,\"caption\":\"Dafomex\"},\"image\":{\"@id\":\"https:\/\/dafomex.com\/#\/schema\/logo\/image\/\"},\"sameAs\":[\"https:\/\/www.linkedin.com\/in\/grupo-dafomex-45a9b2263\/\"]}]}<\/script>\n<!-- \/ Yoast SEO plugin. -->","yoast_head_json":{"title":"Equipo Para Construcci\u00f3n y Mantenimiento - Dafomex","robots":{"index":"index","follow":"follow","max-snippet":"max-snippet:-1","max-image-preview":"max-image-preview:large","max-video-preview":"max-video-preview:-1"},"canonical":"https:\/\/dafomex.com\/?page_id=12703","og_locale":"en_US","og_type":"article","og_title":"Equipo Para Construcci\u00f3n y Mantenimiento - Dafomex","og_description":"Herramientas y equipos para construcci\u00f3ny mantenimiento de redes de telecomunicaciones En la construcci\u00f3n y mantenimiento de redes de telecomunicaciones, la calidad de las herramientas y equipos utilizados es crucial para garantizar la eficiencia y fiabilidad de la red. En Grupo Dafomex ofrecemos una amplia variedad de herramientas y equipos especializados para satisfacer las necesidades de...","og_url":"https:\/\/dafomex.com\/?page_id=12703","og_site_name":"Dafomex","article_modified_time":"2023-09-07T19:37:45+00:00","og_image":[{"width":1500,"height":800,"url":"https:\/\/dafomex.com\/wp-content\/uploads\/2023\/02\/WhatsApp-Image-2023-02-15-at-18.08.21.jpeg","type":"image\/jpeg"}],"twitter_card":"summary_large_image","twitter_misc":{"Est. reading time":"2 minutes"},"schema":{"@context":"https:\/\/schema.org","@graph":[{"@type":"WebPage","@id":"https:\/\/dafomex.com\/?page_id=12703","url":"https:\/\/dafomex.com\/?page_id=12703","name":"Equipo Para Construcci\u00f3n y Mantenimiento - Dafomex","isPartOf":{"@id":"https:\/\/dafomex.com\/#website"},"primaryImageOfPage":{"@id":"https:\/\/dafomex.com\/?page_id=12703#primaryimage"},"image":{"@id":"https:\/\/dafomex.com\/?page_id=12703#primaryimage"},"thumbnailUrl":"https:\/\/dafomex.com\/wp-content\/uploads\/2023\/02\/WhatsApp-Image-2023-02-15-at-18.08.21.jpeg","datePublished":"2017-05-08T17:40:04+00:00","dateModified":"2023-09-07T19:37:45+00:00","breadcrumb":{"@id":"https:\/\/dafomex.com\/?page_id=12703#breadcrumb"},"inLanguage":"en-US","potentialAction":[{"@type":"ReadAction","target":["https:\/\/dafomex.com\/?page_id=12703"]}]},{"@type":"ImageObject","inLanguage":"en-US","@id":"https:\/\/dafomex.com\/?page_id=12703#primaryimage","url":"https:\/\/dafomex.com\/wp-content\/uploads\/2023\/02\/WhatsApp-Image-2023-02-15-at-18.08.21.jpeg","contentUrl":"https:\/\/dafomex.com\/wp-content\/uploads\/2023\/02\/WhatsApp-Image-2023-02-15-at-18.08.21.jpeg","width":1500,"height":800},{"@type":"BreadcrumbList","@id":"https:\/\/dafomex.com\/?page_id=12703#breadcrumb","itemListElement":[{"@type":"ListItem","position":1,"name":"Home","item":"https:\/\/dafomex.com\/"},{"@type":"ListItem","position":2,"name":"Industries Served","item":"https:\/\/dafomex.com\/?page_id=12320"},{"@type":"ListItem","position":3,"name":"Equipo Para Construcci\u00f3n y Mantenimiento"}]},{"@type":"WebSite","@id":"https:\/\/dafomex.com\/#website","url":"https:\/\/dafomex.com\/","name":"Dafomex","description":"","publisher":{"@id":"https:\/\/dafomex.com\/#organization"},"potentialAction":[{"@type":"SearchAction","target":{"@type":"EntryPoint","urlTemplate":"https:\/\/dafomex.com\/?s={search_term_string}"},"query-input":{"@type":"PropertyValueSpecification","valueRequired":true,"valueName":"search_term_string"}}],"inLanguage":"en-US"},{"@type":"Organization","@id":"https:\/\/dafomex.com\/#organization","name":"Dafomex","url":"https:\/\/dafomex.com\/","logo":{"@type":"ImageObject","inLanguage":"en-US","@id":"https:\/\/dafomex.com\/#\/schema\/logo\/image\/","url":"https:\/\/dafomex.com\/wp-content\/uploads\/2023\/09\/dafomexlogo150max.jpg","contentUrl":"https:\/\/dafomex.com\/wp-content\/uploads\/2023\/09\/dafomexlogo150max.jpg","width":150,"height":150,"caption":"Dafomex"},"image":{"@id":"https:\/\/dafomex.com\/#\/schema\/logo\/image\/"},"sameAs":["https:\/\/www.linkedin.com\/in\/grupo-dafomex-45a9b2263\/"]}]}},"_links":{"self":[{"href":"https:\/\/dafomex.com\/index.php?rest_route=\/wp\/v2\/pages\/12703","targetHints":{"allow":["GET"]}}],"collection":[{"href":"https:\/\/dafomex.com\/index.php?rest_route=\/wp\/v2\/pages"}],"about":[{"href":"https:\/\/dafomex.com\/index.php?rest_route=\/wp\/v2\/types\/page"}],"author":[{"embeddable":true,"href":"https:\/\/dafomex.com\/index.php?rest_route=\/wp\/v2\/users\/1"}],"replies":[{"embeddable":true,"href":"https:\/\/dafomex.com\/index.php?rest_route=%2Fwp%2Fv2%2Fcomments&post=12703"}],"version-history":[{"count":4,"href":"https:\/\/dafomex.com\/index.php?rest_route=\/wp\/v2\/pages\/12703\/revisions"}],"predecessor-version":[{"id":987908,"href":"https:\/\/dafomex.com\/index.php?rest_route=\/wp\/v2\/pages\/12703\/revisions\/987908"}],"up":[{"embeddable":true,"href":"https:\/\/dafomex.com\/index.php?rest_route=\/wp\/v2\/pages\/12320"}],"wp:featuredmedia":[{"embeddable":true,"href":"https:\/\/dafomex.com\/index.php?rest_route=\/wp\/v2\/media\/987686"}],"wp:attachment":[{"href":"https:\/\/dafomex.com\/index.php?rest_route=%2Fwp%2Fv2%2Fmedia&parent=12703"}],"curies":[{"name":"wp","href":"https:\/\/api.w.org\/{rel}","templated":true}]}}